{"id":1135,"date":"2022-08-15T12:05:23","date_gmt":"2022-08-15T12:05:23","guid":{"rendered":"https:\/\/lifestylerek.com\/?page_id=1135"},"modified":"2025-06-27T09:33:05","modified_gmt":"2025-06-27T09:33:05","slug":"polityka-prywatnosci","status":"publish","type":"page","link":"https:\/\/lifestylerek.com\/et\/privaatsuspoliitika\/","title":{"rendered":"Privaatsuspoliitika"},"content":{"rendered":"<div data-elementor-type=\"wp-page\" data-elementor-id=\"1135\" class=\"elementor elementor-1135\" data-elementor-post-type=\"page\">\n\t\t\t\t\t\t<section class=\"elementor-section elementor-top-section elementor-element elementor-element-7afa5e03 elementor-section-height-min-height elementor-section-boxed elementor-section-height-default elementor-section-items-middle\" data-id=\"7afa5e03\" data-element_type=\"section\" data-e-type=\"section\" data-settings=\"{&quot;jet_parallax_layout_list&quot;:[]}\">\n\t\t\t\t\t\t<div class=\"elementor-container elementor-column-gap-default\">\n\t\t\t\t\t<div class=\"elementor-column elementor-col-100 elementor-top-column elementor-element elementor-element-5e96e6e0\" data-id=\"5e96e6e0\" data-element_type=\"column\" data-e-type=\"column\">\n\t\t\t<div class=\"elementor-widget-wrap elementor-element-populated\">\n\t\t\t\t\t\t<div class=\"elementor-element elementor-element-eb6ec16 elementor-widget elementor-widget-heading\" data-id=\"eb6ec16\" data-element_type=\"widget\" data-e-type=\"widget\" data-widget_type=\"heading.default\">\n\t\t\t\t<div class=\"elementor-widget-container\">\n\t\t\t\t\t<h1 class=\"elementor-heading-title elementor-size-default\">Privaatsuspoliitika<\/h1>\t\t\t\t<\/div>\n\t\t\t\t<\/div>\n\t\t\t\t<div class=\"elementor-element elementor-element-27d764b6 elementor-widget elementor-widget-heading\" data-id=\"27d764b6\" data-element_type=\"widget\" data-e-type=\"widget\" data-widget_type=\"heading.default\">\n\t\t\t\t<div class=\"elementor-widget-container\">\n\t\t\t\t\t<h2 class=\"elementor-heading-title elementor-size-default\">teave k\u00fclastajatele<\/h2>\t\t\t\t<\/div>\n\t\t\t\t<\/div>\n\t\t\t\t\t<\/div>\n\t\t<\/div>\n\t\t\t\t\t<\/div>\n\t\t<\/section>\n\t\t\t\t<section class=\"elementor-section elementor-top-section elementor-element elementor-element-349a81a9 elementor-reverse-tablet elementor-reverse-mobile elementor-section-boxed elementor-section-height-default elementor-section-height-default\" data-id=\"349a81a9\" data-element_type=\"section\" data-e-type=\"section\" data-settings=\"{&quot;jet_parallax_layout_list&quot;:[]}\">\n\t\t\t\t\t\t<div class=\"elementor-container elementor-column-gap-default\">\n\t\t\t\t\t<div class=\"elementor-column elementor-col-100 elementor-top-column elementor-element elementor-element-4005016e\" data-id=\"4005016e\" data-element_type=\"column\" data-e-type=\"column\">\n\t\t\t<div class=\"elementor-widget-wrap elementor-element-populated\">\n\t\t\t\t\t\t<div class=\"elementor-element elementor-element-6519ad81 elementor-widget elementor-widget-text-editor\" data-id=\"6519ad81\" data-element_type=\"widget\" data-e-type=\"widget\" data-widget_type=\"text-editor.default\">\n\t\t\t\t<div class=\"elementor-widget-container\">\n\t\t\t\t\t\t\t\t\t<p>Szanujemy prywatno\u015b\u0107 U\u017cytkownik\u00f3w serwisu internetowego pod adresem: lifestylerek.com (dalej: \u201eSerwis\u201d) i dok\u0142adamy wszelkich stara\u0144, aby ich dane osobowe by\u0142y przetwarzane w spos\u00f3b bezpieczny i zgodny z prawem. Dane administratora danych osobowych Administratorem danych osobowych U\u017cytkownik\u00f3w Serwisu jest: lifestylerek.com (dalej: \u201emy\u201d lub \u201eAdministrator\u201d).\u00a0\u00a0W celu kontaktu z Administratorem we wszystkich sprawach zwi\u0105zanych z niniejsz\u0105 Polityk\u0105 prywatno\u015bci oraz przetwarzaniem danych osobowych U\u017cytkownik\u00f3w Serwisu prosimy o wys\u0142anie wiadomo\u015bci na adres e-mail: kontakt@lifestylerek.com.\u00a0<\/p><h2 class=\"wp-block-heading\">\u00dcldine teave<\/h2><p>Kogu veebilehe sisu on seadusega kaitstud, sealhulgas autori\u00f5iguse v\u00f5i kaubam\u00e4rgi kaitse\u00f5igused, ning seda ei tohi ilma haldaja eelneva kirjaliku n\u00f5usolekuta kasutada ilma t\u00fchistamise \u00e4hvardusel, v\u00e4lja arvatud 4. veebruari 1994. aasta autori\u00f5iguse ja sellega seotud \u00f5iguste seaduse t\u00e4henduses lubatud isiklikuks otstarbeks. Igasugune tegevus, mis l\u00e4heb eespool nimetatud lubatud kasutamisest kaugemale, on keelatud ja v\u00f5ib kaasa tuua tsiviil- ja kriminaalvastutuse. Haldaja teeb k\u00f5ik endast oleneva, et kaitsta kasutajate eraelu puutumatust, sealhulgas v\u00f5tab k\u00f5ik seadusega n\u00f5utavad ettevaatusabin\u00f5ud, et tagada k\u00f5igi andmete, sealhulgas kasutajate esitatud isikuandmete kaitse kadumise, h\u00e4vitamise, avalikustamise, volitamata isikute juurdep\u00e4\u00e4su ja v\u00e4\u00e4rkasutuse eest. Samuti v\u00f5ivad kasutajad asjakohaste meetmetega aidata kaasa oma andmete, sealhulgas isikuandmete turvalisuse suurendamisele Internetis (nt juurdep\u00e4\u00e4su paroolide sagedase muutmisega, t\u00e4htede ja numbrite kombinatsioonide kasutamisega).  Haldaja ei vastuta veebisaidil olevate linkide kaudu kasutaja poolt sisestatud veebisaitide privaatsusreeglite eest. Haldur j\u00e4tab endale \u00f5iguse muuta k\u00e4esolevat privaatsuspoliitikat, et tagada selle ajakohasus. Kasutajat teavitatakse e-posti teel k\u00f5igist k\u00e4esoleva privaatsuspoliitika muudatustest. Kui te ei n\u00f5ustu meie privaatsuspoliitikaga, \u00e4rge kasutage teenust.<\/p><h2>Isikuandmete allikas<\/h2><p>Me saame kasutajatelt isikuandmeid, mida me t\u00f6\u00f6tleme nende veebilehe kasutamise ajal, mis h\u00f5lmab p\u00e4ringute saatmist serverile, mis seej\u00e4rel kogutakse serverilogidesse. Logid sisaldavad selliseid andmeid nagu kuup\u00e4ev, IP-aadress, teave infos\u00fcsteemi ja veebibrauseri kohta. Neid andmeid ei kasutata konkreetse kasutaja tuvastamiseks, vaid ainult haldus-, diagnostika- ja statistilistel eesm\u00e4rkidel. Me ei kogu andmeid, mis v\u00f5imaldavad otseselt tuvastada teenust k\u00fclastavat isikut, siiski on meie poolt t\u00f6\u00f6deldavad andmed seotud unikaalsete identifitseerimisnumbritega, mis Euroopa Parlamendi ja n\u00f5ukogu 27. aprilli 2016. aasta m\u00e4\u00e4ruse (EL) 2016\/679 (\u00fcksikisikute kaitse kohta isikuandmete t\u00f6\u00f6tlemisel ja selliste andmete vaba liikumise ning direktiivi 95\/46\/E\u00dc kehtetuks tunnistamise kohta (isikuandmete kaitse \u00fcldm\u00e4\u00e4rus)) (edaspidi \"RODO\") valguses on tunnused, mis v\u00f5imaldavad eristada konkreetset kasutajat teenuse kasutajate r\u00fchmast ja mida v\u00f5ib sellisena pidada isikuandmeteks. Kui RODO s\u00e4tteid kohaldatakse meie poolt t\u00f6\u00f6deldavate andmete suhtes, tagame, et v\u00f5tame k\u00f5ik vajalikud meetmed andmete t\u00f6\u00f6tlemiseks koosk\u00f5las eespool nimetatud m\u00e4\u00e4rusest ja asjakohastest riiklikest \u00f5igusaktidest tulenevate p\u00f5him\u00f5tetega. \u00dcldine teave t\u00f6\u00f6deldavate isikuandmete kohta<\/p><table><tbody><tr><td><b>T\u00d6\u00d6TLEMISE EESM\u00c4RK<\/b><\/td><td><b>JURIIDILINE ALUS<\/b><\/td><td><b>ANDMETE S\u00c4ILITAMISE PERIOOD<\/b><\/td><\/tr><tr><td>Lepingu rakendamine, kaebuste k\u00e4sitlemine, kirjavahetuse k\u00e4sitlemine.<\/td><td>T\u00f6\u00f6tlemine on vajalik lepingu t\u00e4itmiseks v\u00f5i toimub teie taotlusel (isikuandmete t\u00f6\u00f6tlemise m\u00e4\u00e4ruse artikli 6 l\u00f5ike 1 punkt b).<\/td><td>Kuni vastastikuste n\u00f5uete aegumiseni.<\/td><\/tr><tr><td>N\u00f5uete uurimine ja kaitsmine, tagastava kasutaja tuvastamine, diagnostika, funktsionaalsed k\u00fcpsised.<\/td><td>T\u00f6\u00f6tlemine toimub vastutava t\u00f6\u00f6tleja \u00f5igustatud huvi alusel (isikuandmete t\u00f6\u00f6tlemise m\u00e4\u00e4ruse artikli 6 l\u00f5ike 1 punkt f).<\/td><td>Vastuv\u00e4ited.<\/td><\/tr><tr><td>Muude kui funktsionaalsete k\u00fcpsiste kasutamine.<\/td><td>T\u00f6\u00f6tlemine p\u00f5hineb kasutaja n\u00f5usolekul (RODO artikli 6 l\u00f5ike 1 punkt a).<\/td><td>Kuni n\u00f5usoleku tagasiv\u00f5tmiseni.<\/td><\/tr><tr><td>Haldurile pandud juriidiliste kohustuste t\u00e4itmine.<\/td><td>T\u00f6\u00f6tlemine on vajalik vastutava t\u00f6\u00f6tleja juriidilise kohustuse t\u00e4itmiseks (isikuandmete t\u00f6\u00f6tlemise m\u00e4\u00e4ruse artikli 6 l\u00f5ike 1 punkt c).<\/td><td>Niikaua, kui seda n\u00f5uavad raamatupidamis- ja arvestusreeglid.<\/td><\/tr><\/tbody><\/table><h2>Isikuandmete vastuv\u00f5tjad<\/h2><p>Teie isikuandmeid edastatakse teistele vastuv\u00f5tjatele niiv\u00f5rd, kuiv\u00f5rd see on vajalik eespool kirjeldatud eesm\u00e4rkide t\u00e4itmiseks, ja ainult koost\u00f6\u00f6d tegevatele \u00fcksustele, mis vastavad isikuandmete turvalisuse seadusest tulenevatele n\u00f5uetele. Isikuandmete vastuv\u00f5tjad v\u00f5ivad olla eelk\u00f5ige raamatupidamisb\u00fcrood, veebimajutuse pakkujad, kullerid v\u00f5i pangad.<\/p><h2>K\u00fcpsised<\/h2><p>Veebisait kasutab oma ja kolmandate osapoolte k\u00fcpsiseid, mis salvestatakse l\u00f5ppseadme m\u00e4llu, samuti anal\u00fc\u00fctilisi vahendeid, mis v\u00f5imaldavad anon\u00fc\u00fcmsete andmete lugemist. Nende kasutamine v\u00f5imaldab meie veebisaidi n\u00f5uetekohast toimimist ning meie teenuste optimeerimist, kogudes andmeid: kasutatud operatsioonis\u00fcsteemi, brauseri, kasutaja tegevuse kohta veebisaidil ja selle \u00fcksikutel alamlehtedel v\u00f5i linkidega seotud tegevuse kohta, samuti kasutaja soo ja vanuse ning linna kohta, kust sisselogimine toimus.  K\u00fcpsised, mida meie veebisait kasutab, on nii meie veebisaidi loodud enda k\u00fcpsised kui ka kolmandate osapoolte k\u00fcpsised, mis koguvad teavet reklaami kohandamiseks kasutaja eelistustele ja reklaamitegevuse t\u00f5hususe hindamiseks. K\u00fcpsised jagunevad ka tulemuslikkuse ja funktsionaalseteks k\u00fcpsisteks ning p\u00fcsivateks ja seansik\u00fcpsisteks. Veebileht kasutab seansik\u00fcpsiseid, mis kustutatakse, kui te l\u00f5petate veebilehe kasutamise ja sulgete oma veebilehitseja akna, ning p\u00fcsik\u00fcpsiseid, mis s\u00e4ilitatakse seadmetes, mille kaudu te veebilehte kasutate, kindlaksm\u00e4\u00e4ratud aja jooksul v\u00f5i kuni nende kustutamiseni. K\u00fcpsised, mida meie veebisait kasutab s\u00f5ltumata kasutaja n\u00f5usolekust, on vajalikud k\u00fcpsised, mis on vajalikud veebisaidi n\u00f5uetekohaseks kasutamiseks, nt kasutaja autentimiseks. \u00dclej\u00e4\u00e4nud juhtudel antakse n\u00f5usolek k\u00fcpsiste kasutamiseks, valides l\u00f5ppseadmes vastavad brauseri seaded.  \u00dcksused, kes v\u00f5ivad kasutaja n\u00f5usoleku alusel veebilehele k\u00fcpsiseid paigaldada ja kasutada, on teenusepakkuja ja:<\/p><ol><li aria-level=\"1\"><b>Google LLC, mille peakorter asub Mountain View's, Californias, Ameerika \u00dchendriikides.<\/b>. Lisateavet selle halduri privaatsuspoliitikast leiate siit:\u00a0<a href=\"https:\/\/policies.google.com\/privacy\" target=\"_blank\" rel=\"noopener\">https:\/\/policies.google.com\/privacy<\/a>;<\/li><li aria-level=\"1\"><b>Facebook Inc. asutati Menlo Parkis, Californias, USAs.<\/b>. Lisateavet selle halduri privaatsuspoliitikast leiate siit:\u00a0<a href=\"https:\/\/www.facebook.com\/policy.php\" target=\"_blank\" rel=\"noopener\">https:\/\/www.facebook.com\/policy.php<\/a>;<\/li><li aria-level=\"1\"><b>Hotjar Limited, Malta \u00f5iguse alusel registreeritud piiratud vastutusega \u00e4ri\u00fching.<\/b>. Lisateavet selle halduri privaatsuspoliitikast leiate siit:\u00a0<a href=\"https:\/\/www.hotjar.com\/legal\/policies\/privacy\/\" target=\"_blank\" rel=\"noopener\">https:\/\/www.hotjar.com\/legal\/policies\/privacy\/<\/a>.<\/li><\/ol><p>K\u00fcpsistest p\u00e4rinevad andmed salvestatakse s\u00f5ltuvalt k\u00fcpsiste t\u00fc\u00fcbist: (i) veebisaidi kasutamise ajal (seansifailid), (ii) kuni kasutaja kasutab oma \u00f5igusi, mille tulemusel l\u00f5petatakse tema isikuandmete t\u00f6\u00f6tlemine, v\u00f5i (iii) kuni kasutaja t\u00fchistab oma n\u00f5usoleku nende t\u00f6\u00f6tlemiseks. Kasutaja v\u00f5ib iseseisvalt ja igal ajal muuta k\u00fcpsiste seadistusi, m\u00e4\u00e4rates kindlaks k\u00fcpsiste salvestamise ja kasutajaseadmele juurdep\u00e4\u00e4su tingimused. Kasutaja v\u00f5ib eelmises lauses osutatud seadeid muuta oma internetibrauseri seadete v\u00f5i teenuse konfiguratsiooni abil. Neid seadeid saab muuta eelk\u00f5ige nii, et veebilehitseja seadetes blokeeritakse k\u00fcpsiste automaatne k\u00e4itlemine v\u00f5i teavitatakse iga kord nende paigutamisest kasutaja seadmesse. \u00dcksikasjalik teave k\u00fcpsiste k\u00e4itlemise v\u00f5imaluste ja meetodite kohta on saadaval teie tarkvara (veebibrauseri) seadetes. Kasutaja saab igal ajal hallata oma n\u00f5usolekut k\u00fcpsiste t\u00f6\u00f6tlemiseks, kl\u00f5psates siin.<\/p><h2>Kasutatud anal\u00fc\u00fcsivahendid ja reklaam<\/h2><p><b>Google Analytics<\/b>\u00a0Veebisait kasutab Google Analytics'i, mis on Google LLC (edaspidi: Google) poolt pakutav vahend. Google Analytics kasutab oma k\u00fcpsiseid, et j\u00e4lgida kasutajate suhtlemist teiste veebisaitide v\u00f5i rakendustega. Google Analyticsi kogutud andmeid kogutakse p\u00f5him\u00f5tteliselt anon\u00fc\u00fcmselt ja need ei v\u00f5imalda kasutajaid tuvastada. Google Analyticsi kogutud andmed v\u00f5ivad sisaldada n\u00e4iteks: ligikaudset geograafilist asukohta, demograafilisi andmeid, teavet kasutatud seadme, s\u00fcsteemi, brauseri, ekraani resolutsiooni, keelekomplekti, internetiteenuse pakkuja, interneti\u00fchenduse t\u00fc\u00fcbi kohta, samuti kasutaja k\u00e4itumist veebisaidil. \u00dcksikasjalik teave Google Analyticsi kogutud andmete kohta on kirjeldatud Google Analyticsi privaatsuspoliitikas, mis on k\u00e4ttesaadav aadressil:\u00a0<a href=\"https:\/\/support.google.com\/analytics\/topic\/2919631?hl=pl&amp;ref_topic=1008008\" target=\"_blank\" rel=\"noopener\">https:\/\/support.google.com\/analytics\/topic\/2919631?hl=pl&amp;ref_topic=1008008<\/a>.\u00a0<b>Google'i reklaamid<\/b>\u00a0Veebisait kasutab Google Ads vahendit, mis on reklaamimiss\u00fcsteem, mis v\u00f5imaldab reklaamis\u00f5numite edastamist Google'ile kuuluvate kanalite kaudu. N\u00e4iteks kogub Google Ads j\u00e4rgmist t\u00fc\u00fcpi andmeid: interneti otsingumootorisse sisestatud otsinguk\u00fcsimused, j\u00e4lgimisandmed kasutaja tegevuse kohta teistel veebilehtedel. \u00dcldjuhul ei v\u00f5imalda Google Ads'i poolt kogutud andmed teid \u00fcheselt tuvastada.  \u00dcksikasjalik teave Google Ads'i kohta on kirjeldatud Google'i privaatsuspoliitikas, mis on k\u00e4ttesaadav lingi all:\u00a0<a href=\"https:\/\/policies.google.com\/privacy\" target=\"_blank\" rel=\"noopener\">https:\/\/policies.google.com\/privacy<\/a>. Kasutaja saab iseseisvalt loobuda Google'i reklaami j\u00e4lgimisest oma brauseri vastavate seadete kaudu. \u00dcksikasjalikumat teavet selle kohta, kuidas Google Ads'i j\u00e4lgimisest loobuda, leiate lingilt:\u00a0<a href=\"https:\/\/support.google.com\/google-ads\/answer\/32050\" target=\"_blank\" rel=\"noopener\">https:\/\/support.google.com\/google-ads\/answer\/32050<\/a>.\u00a0<b>Remarketing<\/b>\u00a0Veebisait kasutab Google Analytics'i pakutavat remarketing-funktsiooni koos Google'i pakutava Google'i reklaamt\u00f6\u00f6riistaga. Remarketing on viis reklaamitegevuse l\u00e4biviimiseks Internetis. Reklaamitegevused on suunatud inimestele, kes on veebilehte k\u00fclastanud. K\u00fcpsistel p\u00f5hinevate mehhanismide abil m\u00e4\u00e4ratakse kindlaks kasutaja huvi konkreetse toote v\u00f5i teenuse vastu, mille alusel suunatakse kasutajale konkreetne turunduss\u00f5num. Turunduss\u00f5numeid kuvatakse kasutajale, kui kasutaja kasutab Google'i otsingumootorit, sirvib veebilehti v\u00f5i kui ta osaleb sotsiaalv\u00f5rgustikes. Kasutajad saavad iseseisvalt keelata remarketingi v\u00f5imaluse oma kasutatavates seadmetes, kasutades linki all olevat deaktiveerimisv\u00f5imalust:\u00a0<a href=\"https:\/\/www.google.com\/settings\/ads\/onweb\/\" target=\"_blank\" rel=\"noopener\">https:\/\/www.google.com\/settings\/ads\/onweb\/<\/a>.\u00a0<b>Google'i privaatsuspoliitika<\/b>\u00a0\u00dcksikasjalik teave Google'i poolt t\u00f6\u00f6deldavate isikuandmete t\u00f6\u00f6tlemise ja kaitse p\u00f5him\u00f5tete kohta on kirjeldatud Google'i privaatsuspoliitikas, mis on k\u00e4ttesaadav lingi all:\u00a0<a href=\"https:\/\/policies.google.com\/privacy\" target=\"_blank\" rel=\"noopener\">https:\/\/policies.google.com\/privacy<\/a>.\u00a0<b>Facebooki piksel<\/b>\u00a0Veebisait kasutab Facebooki piksli funktsiooni, mida pakub Facebook Inc. Facebooki piksel on l\u00fchike kood, mis paigutatakse veebilehele, et m\u00f5\u00f5ta kuvatavate reklaamide t\u00f5husust kasutajate tegevuste anal\u00fc\u00fcsi p\u00f5hjal. Facebooki pikslit kasutatakse selleks, et suunata reklaame \u00f5igele sihtr\u00fchmale, konfigureerida automaatselt turunduss\u00f5numeid ja m\u00f5\u00f5ta kuvatud reklaamide tulemuslikkust. \u00dcksikasjalikumat teavet Facebook Inc. poolt t\u00f6\u00f6deldavate isikuandmete t\u00f6\u00f6tlemise ja kaitse p\u00f5him\u00f5tete kohta leiate Facebooki privaatsuspoliitikast, mis on k\u00e4ttesaadav lingil:\u00a0<a href=\"https:\/\/www.facebook.com\/policy.php\" target=\"_blank\" rel=\"noopener\">https:\/\/www.facebook.com\/policy.php<\/a>.<\/p><h2>Automatiseeritud otsuste tegemine<\/h2><p>Me ei tee kasutajate suhtes otsuseid, mis p\u00f5hinevad isikuandmete automatiseeritud t\u00f6\u00f6tlemisel ja millel on nende suhtes \u00f5iguslikud tagaj\u00e4rjed v\u00f5i mis m\u00f5jutavad kasutajaid sarnasel viisil. Teenuse poolt kasutatavad vahendid v\u00f5ivad siiski p\u00f5hjustada reklaami kohandamist vastavalt kasutaja eelistustele kogutud teabe p\u00f5hjal. See teave j\u00e4\u00e4b meile siiski anon\u00fc\u00fcmseks.<\/p><h2>Kasutaja \u00f5igused<\/h2><p>Kasutajatel, kelle isikuandmeid me t\u00f6\u00f6tleme, on \u00f5igus saada kinnitust selle kohta, kas neid puudutavaid isikuandmeid t\u00f6\u00f6deldakse v\u00f5i mitte, ning kui see on nii, siis on neil \u00f5igus saada juurdep\u00e4\u00e4s t\u00f6\u00f6deldavatele andmetele ja j\u00e4rgmisele teabele:<\/p><ol><li aria-level=\"1\">t\u00f6\u00f6tlemise eesm\u00e4rk;<\/li><li aria-level=\"1\">asjaomaste isikuandmete kategooriad;<\/li><li aria-level=\"1\">teave vastuv\u00f5tjate v\u00f5i vastuv\u00f5tjate kategooriate kohta, kellele isikuandmeid on avaldatud v\u00f5i avaldatakse, eelk\u00f5ige kolmandates riikides v\u00f5i rahvusvahelistes organisatsioonides asuvatele vastuv\u00f5tjatele;<\/li><li aria-level=\"1\">v\u00f5imaluse korral isikuandmete kavandatud s\u00e4ilitamisperiood ja kui see ei ole v\u00f5imalik, siis selle perioodi kindlaksm\u00e4\u00e4ramise kriteeriumid;<\/li><li aria-level=\"1\">teave \u00f5iguse kohta taotleda vastutavalt t\u00f6\u00f6tlejalt andmesubjekti puudutavate isikuandmete parandamist, kustutamist v\u00f5i nende t\u00f6\u00f6tlemise piiramist ning esitada vastuv\u00e4iteid sellisele t\u00f6\u00f6tlemisele;<\/li><li aria-level=\"1\">teave \u00f5iguse kohta esitada kaebus j\u00e4relevalveasutusele;<\/li><li aria-level=\"1\">teavet automatiseeritud otsuste tegemise, sealhulgas isikuandmete kaitse m\u00e4\u00e4ruse artikli 22 l\u00f5igetes 1 ja 4 osutatud profiilianal\u00fc\u00fcsi kohta, ning asjakohast teavet selliste otsuste tegemise viiside kohta, samuti sellise t\u00f6\u00f6tlemise olulisust ja kavandatud tagaj\u00e4rgi andmesubjektile.<\/li><\/ol><p>Kasutajal on \u00f5igus n\u00f5uda administraatorilt teda puudutavate ebat\u00e4psete isikuandmete viivitamatut parandamist. V\u00f5ttes arvesse t\u00f6\u00f6tlemise eesm\u00e4rke, on kasutajal, kellega andmed on seotud, \u00f5igus n\u00f5uda puudulike isikuandmete t\u00e4iendamist, sealhulgas t\u00e4iendava avalduse esitamist. Kasutajal on \u00f5igus n\u00f5uda vastutavalt t\u00f6\u00f6tlejalt teda puudutavate isikuandmete viivitamatut kustutamist (\"\u00f5igus olla unustatud\") ning vastutav t\u00f6\u00f6tleja on kohustatud isikuandmed viivitamata kustutama, kui esineb \u00fcks j\u00e4rgmistest asjaoludest:<\/p><ol><li aria-level=\"1\">isikuandmed ei ole enam vajalikud eesm\u00e4rkidel, milleks neid koguti v\u00f5i muul viisil t\u00f6\u00f6deldi;<\/li><li aria-level=\"1\">andmesubjekt on v\u00f5tnud tagasi n\u00f5usoleku, millel t\u00f6\u00f6tlemine p\u00f5hineb vastavalt artikli 6 l\u00f5ike 1 punktile a, ja t\u00f6\u00f6tlemiseks puudub muu \u00f5iguslik alus;<\/li><li aria-level=\"1\">andmesubjekt esitab t\u00f6\u00f6tlemise suhtes vastuv\u00e4ite vastavalt RODO artikli 21 l\u00f5ikele 1 ja t\u00f6\u00f6tlemiseks ei ole \u00fclekaalukaid \u00f5igusp\u00e4raseid p\u00f5hjusi v\u00f5i andmesubjekt esitab t\u00f6\u00f6tlemise suhtes vastuv\u00e4ite vastavalt RODO artikli 21 l\u00f5ikele 2;<\/li><li aria-level=\"1\">isikuandmeid t\u00f6\u00f6deldi ebaseaduslikult;<\/li><li aria-level=\"1\">isikuandmed tuleb kustutada, et t\u00e4ita Euroopa Liidu \u00f5igusest v\u00f5i haldaja suhtes kohaldatava liikmesriigi \u00f5igusest tulenevat juriidilist kohustust;<\/li><li aria-level=\"1\">isikuandmeid koguti seoses info\u00fchiskonna teenuste pakkumisega, nagu on osutatud RODO artikli 8 l\u00f5ikes 1.<\/li><\/ol><p>Haldur j\u00e4tab endale \u00f5iguse keelduda kasutaja andmete kustutamisest, kui nende s\u00e4ilitamine on vajalik n\u00f5uete t\u00e4itmiseks v\u00f5i kui seda n\u00f5uab kohaldatav \u00f5igus. Kasutajal, kellega andmed on seotud, on \u00f5igus n\u00f5uda haldajalt t\u00f6\u00f6tlemise piiramist j\u00e4rgmistel juhtudel:<\/p><ol><li aria-level=\"1\">Kasutaja seab isikuandmete \u00f5igsuse kahtluse alla - aja jooksul, mis v\u00f5imaldab administraatoril kontrollida andmete \u00f5igsust;<\/li><li aria-level=\"1\">t\u00f6\u00f6tlemine on ebaseaduslik ja kasutaja esitab vastuv\u00e4ite isikuandmete kustutamisele, taotledes selle asemel nende kasutamise piiramist;<\/li><li aria-level=\"1\">Vastutav t\u00f6\u00f6tleja ei vaja isikuandmeid enam t\u00f6\u00f6tlemise eesm\u00e4rgil, kuid kasutaja vajab neid n\u00f5uete kehtestamiseks, esitamiseks v\u00f5i kaitsmiseks;<\/li><li aria-level=\"1\">Kasutaja on esitanud RODO artikli 21 l\u00f5ike 1 alusel vastuv\u00e4ite t\u00f6\u00f6tlemisele - kuni on kindlaks tehtud, kas vastutava t\u00f6\u00f6tleja \u00f5igusp\u00e4rased p\u00f5hjused kaaluvad \u00fcles andmesubjekti vastuv\u00e4ite p\u00f5hjused.<\/li><\/ol><p>Andmesubjektil on \u00f5igus saada teda puudutavad isikuandmed, mille ta on esitanud vastutavale t\u00f6\u00f6tlejale, struktureeritud, \u00fcldkasutatavas masinloetavas vormis ning tal on \u00f5igus saata need isikuandmed teisele vastutavale t\u00f6\u00f6tlejale ilma vastutava t\u00f6\u00f6tleja takistusteta, kui:<\/p><ol><li aria-level=\"1\">t\u00f6\u00f6tlemine toimub RODO artikli 6 l\u00f5ike 1 punkti a kohase n\u00f5usoleku alusel v\u00f5i RODO artikli 6 l\u00f5ike 1 punkti b kohase lepingu alusel ja<\/li><li aria-level=\"1\">t\u00f6\u00f6tlemine toimub automatiseeritult.<\/li><\/ol><p>Kasutajal on \u00f5igus n\u00f5uda, et administraator saadaks isikuandmed otse teisele vastutavale t\u00f6\u00f6tlejale, kui see on tehniliselt v\u00f5imalik. Kasutajal on \u00f5igus igal ajal esitada vastuv\u00e4iteid oma isikuandmete t\u00f6\u00f6tlemisele haldaja otseturunduse eesm\u00e4rgil, sealhulgas profiilianal\u00fc\u00fcsi tegemiseks, kui t\u00f6\u00f6tlemine on seotud sellise otseturundusega. Kasutajal on \u00f5igus esitada kaebus j\u00e4relevalveasutusele - isikuandmete kaitse b\u00fcroo presidendile, Stawki t\u00e4nav 2, 00-193 Varssavi. Kui kasutaja isikuandmeid t\u00f6\u00f6deldakse n\u00f5usoleku alusel, v\u00f5ite oma n\u00f5usoleku igal ajal tagasi v\u00f5tta. N\u00f5usoleku tagasiv\u00f5tmine ei m\u00f5juta n\u00f5usoleku alusel enne selle tagasiv\u00f5tmist toimunud t\u00f6\u00f6tlemise seaduslikkust.<\/p><h2>Muudatused privaatsuspoliitikas<\/h2><p>J\u00e4tame endale \u00f5iguse teha k\u00e4esolevasse privaatsuspoliitikasse olulistel p\u00f5hjustel muudatusi, eelk\u00f5ige kui meie isikuandmete t\u00f6\u00f6tlemise p\u00f5him\u00f5tted, seadus v\u00f5i selle t\u00f5lgendamise viis muutuvad v\u00f5i kui muutub meie kasutatavate tehnoloogiate loetelu v\u00f5i nende toimimisviis. Teavitame teid k\u00e4esoleva privaatsuspoliitika muudatustest, avaldades veebilehel teate.<\/p>\t\t\t\t\t\t\t\t<\/div>\n\t\t\t\t<\/div>\n\t\t\t\t\t<\/div>\n\t\t<\/div>\n\t\t\t\t\t<\/div>\n\t\t<\/section>\n\t\t\t\t<\/div>","protected":false},"excerpt":{"rendered":"<p>Polityka prywatno\u015bci informacje dla odwiedzaj\u0105cych Szanujemy prywatno\u015b\u0107 U\u017cytkownik\u00f3w serwisu internetowego pod adresem: lifestylerek.com (dalej: \u201eSerwis\u201d) i dok\u0142adamy wszelkich stara\u0144, aby ich dane osobowe by\u0142y przetwarzane w spos\u00f3b bezpieczny i zgodny z prawem. Dane administratora danych osobowych Administratorem danych osobowych U\u017cytkownik\u00f3w Serwisu jest: lifestylerek.com (dalej: \u201emy\u201d lub \u201eAdministrator\u201d).\u00a0\u00a0W celu kontaktu z Administratorem we wszystkich sprawach zwi\u0105zanych [&hellip;]<\/p>\n","protected":false},"author":2,"featured_media":0,"parent":0,"menu_order":0,"comment_status":"closed","ping_status":"closed","template":"","meta":{"inline_featured_image":false,"footnotes":""},"class_list":["post-1135","page","type-page","status-publish","hentry"],"_links":{"self":[{"href":"https:\/\/lifestylerek.com\/et\/wp-json\/wp\/v2\/pages\/1135","targetHints":{"allow":["GET"]}}],"collection":[{"href":"https:\/\/lifestylerek.com\/et\/wp-json\/wp\/v2\/pages"}],"about":[{"href":"https:\/\/lifestylerek.com\/et\/wp-json\/wp\/v2\/types\/page"}],"author":[{"embeddable":true,"href":"https:\/\/lifestylerek.com\/et\/wp-json\/wp\/v2\/users\/2"}],"replies":[{"embeddable":true,"href":"https:\/\/lifestylerek.com\/et\/wp-json\/wp\/v2\/comments?post=1135"}],"version-history":[{"count":0,"href":"https:\/\/lifestylerek.com\/et\/wp-json\/wp\/v2\/pages\/1135\/revisions"}],"wp:attachment":[{"href":"https:\/\/lifestylerek.com\/et\/wp-json\/wp\/v2\/media?parent=1135"}],"curies":[{"name":"wp","href":"https:\/\/api.w.org\/{rel}","templated":true}]}}