{"id":1135,"date":"2022-08-15T12:05:23","date_gmt":"2022-08-15T12:05:23","guid":{"rendered":"https:\/\/lifestylerek.com\/?page_id=1135"},"modified":"2025-06-27T09:33:05","modified_gmt":"2025-06-27T09:33:05","slug":"polityka-prywatnosci","status":"publish","type":"page","link":"https:\/\/lifestylerek.com\/it\/politica-sulla-privacy\/","title":{"rendered":"Informativa sulla privacy"},"content":{"rendered":"<div data-elementor-type=\"wp-page\" data-elementor-id=\"1135\" class=\"elementor elementor-1135\" data-elementor-post-type=\"page\">\n\t\t\t\t\t\t<section class=\"elementor-section elementor-top-section elementor-element elementor-element-7afa5e03 elementor-section-height-min-height elementor-section-boxed elementor-section-height-default elementor-section-items-middle\" data-id=\"7afa5e03\" data-element_type=\"section\" data-e-type=\"section\" data-settings=\"{&quot;jet_parallax_layout_list&quot;:[]}\">\n\t\t\t\t\t\t<div class=\"elementor-container elementor-column-gap-default\">\n\t\t\t\t\t<div class=\"elementor-column elementor-col-100 elementor-top-column elementor-element elementor-element-5e96e6e0\" data-id=\"5e96e6e0\" data-element_type=\"column\" data-e-type=\"column\">\n\t\t\t<div class=\"elementor-widget-wrap elementor-element-populated\">\n\t\t\t\t\t\t<div class=\"elementor-element elementor-element-eb6ec16 elementor-widget elementor-widget-heading\" data-id=\"eb6ec16\" data-element_type=\"widget\" data-e-type=\"widget\" data-widget_type=\"heading.default\">\n\t\t\t\t<div class=\"elementor-widget-container\">\n\t\t\t\t\t<h1 class=\"elementor-heading-title elementor-size-default\">Informativa sulla privacy<\/h1>\t\t\t\t<\/div>\n\t\t\t\t<\/div>\n\t\t\t\t<div class=\"elementor-element elementor-element-27d764b6 elementor-widget elementor-widget-heading\" data-id=\"27d764b6\" data-element_type=\"widget\" data-e-type=\"widget\" data-widget_type=\"heading.default\">\n\t\t\t\t<div class=\"elementor-widget-container\">\n\t\t\t\t\t<h2 class=\"elementor-heading-title elementor-size-default\">informazioni per i visitatori<\/h2>\t\t\t\t<\/div>\n\t\t\t\t<\/div>\n\t\t\t\t\t<\/div>\n\t\t<\/div>\n\t\t\t\t\t<\/div>\n\t\t<\/section>\n\t\t\t\t<section class=\"elementor-section elementor-top-section elementor-element elementor-element-349a81a9 elementor-reverse-tablet elementor-reverse-mobile elementor-section-boxed elementor-section-height-default elementor-section-height-default\" data-id=\"349a81a9\" data-element_type=\"section\" data-e-type=\"section\" data-settings=\"{&quot;jet_parallax_layout_list&quot;:[]}\">\n\t\t\t\t\t\t<div class=\"elementor-container elementor-column-gap-default\">\n\t\t\t\t\t<div class=\"elementor-column elementor-col-100 elementor-top-column elementor-element elementor-element-4005016e\" data-id=\"4005016e\" data-element_type=\"column\" data-e-type=\"column\">\n\t\t\t<div class=\"elementor-widget-wrap elementor-element-populated\">\n\t\t\t\t\t\t<div class=\"elementor-element elementor-element-6519ad81 elementor-widget elementor-widget-text-editor\" data-id=\"6519ad81\" data-element_type=\"widget\" data-e-type=\"widget\" data-widget_type=\"text-editor.default\">\n\t\t\t\t<div class=\"elementor-widget-container\">\n\t\t\t\t\t\t\t\t\t<p>Szanujemy prywatno\u015b\u0107 U\u017cytkownik\u00f3w serwisu internetowego pod adresem: lifestylerek.com (dalej: \u201eSerwis\u201d) i dok\u0142adamy wszelkich stara\u0144, aby ich dane osobowe by\u0142y przetwarzane w spos\u00f3b bezpieczny i zgodny z prawem. Dane administratora danych osobowych Administratorem danych osobowych U\u017cytkownik\u00f3w Serwisu jest: lifestylerek.com (dalej: \u201emy\u201d lub \u201eAdministrator\u201d).\u00a0\u00a0W celu kontaktu z Administratorem we wszystkich sprawach zwi\u0105zanych z niniejsz\u0105 Polityk\u0105 prywatno\u015bci oraz przetwarzaniem danych osobowych U\u017cytkownik\u00f3w Serwisu prosimy o wys\u0142anie wiadomo\u015bci na adres e-mail: kontakt@lifestylerek.com.\u00a0<\/p><h2 class=\"wp-block-heading\">Informazioni generali<\/h2><p>Tutti i contenuti del Sito web sono protetti dalla legge, compresi i diritti d'autore o di tutela dei marchi, e non possono essere utilizzati in alcun modo senza il previo consenso scritto dell'Amministratore a pena di nullit\u00e0, ad eccezione dell'uso personale consentito di opere ai sensi della Legge sul diritto d'autore e sui diritti connessi del 4 febbraio 1994. Qualsiasi azione che vada oltre il suddetto uso consentito \u00e8 vietata e pu\u00f2 comportare responsabilit\u00e0 civili e penali. L'Amministratore far\u00e0 ogni sforzo per proteggere la privacy degli Utenti, anche adottando tutte le precauzioni richieste dalla legge per garantire che tutti i dati, compresi quelli personali forniti dagli Utenti, siano protetti da perdita, distruzione, divulgazione, accesso da parte di persone non autorizzate e uso improprio. Inoltre, gli Utenti possono contribuire, con azioni appropriate, ad aumentare la sicurezza dei loro dati, compresi i dati personali su Internet (ad esempio, cambiando frequentemente le password di accesso, utilizzando combinazioni di lettere e numeri).  L'Amministratore non \u00e8 responsabile delle norme sulla privacy dei siti web a cui l'Utente accede tramite i link presenti sul Sito. L'Amministratore si riserva il diritto di modificare la presente Informativa sulla privacy al fine di garantirne l'aggiornamento. Gli utenti saranno informati via e-mail di eventuali modifiche alla presente Informativa sulla privacy. Se l'Utente non \u00e8 d'accordo con le nostre Norme sulla privacy, \u00e8 pregato di non utilizzare il Servizio.<\/p><h2>Fonte dei dati personali<\/h2><p>Otteniamo i dati personali che trattiamo dagli Utenti durante l'utilizzo del Sito web, che comporta l'invio di richieste al server, che vengono poi raccolte nei log del server. I log includono dati quali la data, l'indirizzo IP, informazioni sul sistema informatico e sul browser web. Questi dati non vengono utilizzati per identificare un utente specifico, ma solo per scopi amministrativi, diagnostici e statistici. Non raccogliamo dati che consentano l'identificazione diretta della persona che visita il Servizio, tuttavia i dati che trattiamo sono collegati a numeri di identificazione univoci che, alla luce del Regolamento (UE) 2016\/679 del Parlamento europeo e del Consiglio, del 27 aprile 2016, relativo alla protezione delle persone fisiche con riguardo al trattamento dei dati personali, nonch\u00e9 alla libera circolazione di tali dati e che abroga la direttiva 95\/46\/CE (regolamento generale sulla protezione dei dati) (di seguito: \"RODO\"), costituiscono identificatori che consentono di distinguere un Utente specifico da un gruppo di Utenti del Servizio e come tali possono essere considerati dati personali. Nel caso in cui le disposizioni del RODO si applichino ai dati da noi trattati, ci assicuriamo di adottare tutte le misure necessarie per trattare i dati in conformit\u00e0 ai principi derivanti dal suddetto regolamento e alle leggi nazionali pertinenti. Informazioni generali sui dati personali trattati<\/p><table><tbody><tr><td><b>FINALIT\u00c0 DEL TRATTAMENTO<\/b><\/td><td><b>BASE GIURIDICA<\/b><\/td><td><b>PERIODO DI CONSERVAZIONE DEI DATI<\/b><\/td><\/tr><tr><td>Implementazione del contratto, gestione dei reclami, gestione della corrispondenza.<\/td><td>Il trattamento \u00e8 necessario per l'esecuzione del contratto o \u00e8 effettuato su vostra richiesta (articolo 6, paragrafo 1, lettera b), RODO).<\/td><td>Fino alla prescrizione dei diritti reciproci.<\/td><\/tr><tr><td>Indagine e difesa dai reclami, identificazione dell'utente che ritorna, diagnostica, cookie funzionali.<\/td><td>Il trattamento \u00e8 effettuato sulla base del legittimo interesse del titolare del trattamento (articolo 6, paragrafo 1, lettera f), RODO).<\/td><td>Obiezioni in sospeso.<\/td><\/tr><tr><td>Utilizzo di cookie diversi da quelli funzionali.<\/td><td>Il trattamento si basa sul consenso dell'utente (articolo 6, paragrafo 1, lettera a), del RODO).<\/td><td>Fino alla revoca del consenso.<\/td><\/tr><tr><td>Adempiere agli obblighi di legge che incombono sull'Amministratore.<\/td><td>Il trattamento \u00e8 necessario per l'adempimento di un obbligo legale incombente sul titolare del trattamento (articolo 6, paragrafo 1, lettera c), RODO).<\/td><td>Finch\u00e9 le norme contabili e di contabilit\u00e0 lo richiedono.<\/td><\/tr><\/tbody><\/table><h2>Destinatari dei dati personali<\/h2><p>I vostri dati personali vengono trasmessi ad altri destinatari nella misura in cui ci\u00f2 \u00e8 necessario per adempiere alle finalit\u00e0 sopra descritte, e solo a soggetti che collaborano e che soddisfano i requisiti di legge in materia di sicurezza dei dati personali. In particolare, i destinatari dei dati personali possono essere uffici contabili, hosting provider, corrieri o banche.<\/p><h2>Biscotti<\/h2><p>Il sito web utilizza cookie propri e di terze parti memorizzati nella memoria del dispositivo finale, nonch\u00e9 strumenti analitici che consentono la lettura di dati anonimi. Il loro utilizzo consente il corretto funzionamento del nostro sito web, nonch\u00e9 l'ottimizzazione dei servizi, raccogliendo dati su: il sistema operativo utilizzato, il browser, l'attivit\u00e0 dell'Utente sul sito web e sulle sue singole sottopagine o l'attivit\u00e0 relativa ai link, nonch\u00e9 il sesso e la fascia d'et\u00e0 dell'Utente e la citt\u00e0 da cui \u00e8 avvenuto il login.  I cookie utilizzati dal nostro sito web sono sia cookie proprietari creati dal nostro sito web sia cookie di terze parti che raccolgono informazioni per adattare la pubblicit\u00e0 alle preferenze dell'utente e per valutare l'efficacia delle attivit\u00e0 pubblicitarie. I cookie si dividono inoltre in cookie funzionali e di performance e cookie persistenti e di sessione. Il sito web utilizza cookie di sessione, che vengono cancellati quando l'utente smette di utilizzare il sito web e chiude la finestra del browser web, e cookie persistenti, che vengono memorizzati sui dispositivi attraverso i quali l'utente utilizza il sito web per un determinato periodo di tempo o fino alla loro cancellazione. I cookie che il nostro sito web utilizza indipendentemente dal consenso dell'Utente sono quelli necessari, richiesti per il corretto utilizzo del sito web, ad esempio ai fini dell'autenticazione dell'Utente. Per il resto, il consenso all'uso dei cookie viene dato selezionando le impostazioni appropriate del browser sul dispositivo finale.  I soggetti che possono installare e utilizzare i cookie sul Sito web in base al consenso dell'Utente sono il Fornitore del servizio e:<\/p><ol><li aria-level=\"1\"><b>Google LLC, con sede centrale a Mountain View, California, Stati Uniti<\/b>. Per saperne di pi\u00f9 sulla politica di privacy di questo amministratore, fare clic qui:\u00a0<a href=\"https:\/\/policies.google.com\/privacy\" target=\"_blank\" rel=\"noopener\">https:\/\/policies.google.com\/privacy<\/a>;<\/li><li aria-level=\"1\"><b>Facebook Inc. fondata a Menlo Park, California, USA<\/b>. Per saperne di pi\u00f9 sulla politica di privacy di questo amministratore, fare clic qui:\u00a0<a href=\"https:\/\/www.facebook.com\/policy.php\" target=\"_blank\" rel=\"noopener\">https:\/\/www.facebook.com\/policy.php<\/a>;<\/li><li aria-level=\"1\"><b>Hotjar Limited, una societ\u00e0 a responsabilit\u00e0 limitata di diritto maltese<\/b>. Per saperne di pi\u00f9 sulla politica di privacy di questo amministratore, fare clic qui:\u00a0<a href=\"https:\/\/www.hotjar.com\/legal\/policies\/privacy\/\" target=\"_blank\" rel=\"noopener\">https:\/\/www.hotjar.com\/legal\/policies\/privacy\/<\/a>.<\/li><\/ol><p>I dati provenienti dai cookie saranno memorizzati a seconda del tipo di cookie: (i) per la durata dell'utilizzo del Sito web (file di sessione), (ii) fino a quando l'Utente non eserciter\u00e0 i propri diritti che portano alla cessazione del trattamento dei suoi dati personali, o (iii) fino a quando l'Utente non revocher\u00e0 il proprio consenso al loro trattamento. L'Utente pu\u00f2 modificare autonomamente e in qualsiasi momento le impostazioni relative ai cookie, specificando le condizioni di memorizzazione e accesso ai cookie sul dispositivo dell'Utente. L'Utente pu\u00f2 modificare le impostazioni di cui alla frase precedente tramite le impostazioni del proprio browser Internet o tramite la configurazione del servizio. Queste impostazioni possono essere modificate, in particolare, in modo da bloccare la gestione automatica dei cookie nelle impostazioni del browser web o informare sul loro posizionamento sul dispositivo dell'Utente ogni volta. Informazioni dettagliate sulla possibilit\u00e0 e sulle modalit\u00e0 di gestione dei cookie sono disponibili nelle impostazioni del software (browser web). L'Utente pu\u00f2 gestire il proprio consenso al trattamento dei cookie in qualsiasi momento cliccando qui.<\/p><h2>Strumenti analitici e pubblicit\u00e0 utilizzati<\/h2><p><b>Google Analytics<\/b>\u00a0Il sito web utilizza Google Analytics, uno strumento fornito da Google LLC (di seguito: Google). Google Analytics utilizza i propri cookie per tracciare le interazioni degli utenti con altri siti web o applicazioni. I dati raccolti da Google Analytics sono in linea di massima raccolti in forma anonima e non consentono di identificare gli utenti. I dati raccolti da Google Analytics possono includere, ad esempio: geolocalizzazione approssimativa, dati demografici, informazioni sul dispositivo utilizzato, sul sistema, sul browser, sulla risoluzione dello schermo, sulla lingua impostata, sull'ISP, sul tipo di connessione a Internet, nonch\u00e9 sul comportamento dell'Utente sul sito web. Informazioni dettagliate sui dati raccolti da Google Analytics sono descritte nell'informativa sulla privacy di Google Analytics disponibile all'indirizzo:\u00a0<a href=\"https:\/\/support.google.com\/analytics\/topic\/2919631?hl=pl&amp;ref_topic=1008008\" target=\"_blank\" rel=\"noopener\">https:\/\/support.google.com\/analytics\/topic\/2919631?hl=pl&amp;ref_topic=1008008<\/a>.\u00a0<b>Annunci di Google<\/b>\u00a0Il sito web utilizza lo strumento Google Ads, che \u00e8 un sistema pubblicitario che consente di raggiungere l'utente con messaggi pubblicitari attraverso canali di propriet\u00e0 di Google. Ad esempio, Google Ads raccoglie i seguenti tipi di dati: query di ricerca inserite nel motore di ricerca Internet, dati di monitoraggio delle attivit\u00e0 dell'utente su altri siti web. Di norma, i dati raccolti da Google Ads non consentono di identificare l'utente in modo univoco.  Informazioni dettagliate su Google Ads sono descritte nell'informativa sulla privacy di Google, disponibile al link:\u00a0<a href=\"https:\/\/policies.google.com\/privacy\" target=\"_blank\" rel=\"noopener\">https:\/\/policies.google.com\/privacy<\/a>. L'utente pu\u00f2 decidere autonomamente di rinunciare al tracciamento da parte di Google Ads attraverso le impostazioni del proprio browser. Per informazioni dettagliate su come rinunciare al tracciamento da parte di Google Ads, come indicato nel link:\u00a0<a href=\"https:\/\/support.google.com\/google-ads\/answer\/32050\" target=\"_blank\" rel=\"noopener\">https:\/\/support.google.com\/google-ads\/answer\/32050<\/a>.\u00a0<b>Remarketing<\/b>\u00a0Il sito web utilizza la funzione di remarketing offerta da Google Analytics in combinazione con lo strumento Google Ads di Google. Il remarketing \u00e8 un modo di condurre attivit\u00e0 pubblicitarie su Internet. Le attivit\u00e0 pubblicitarie sono rivolte a persone che hanno visitato il sito web. Attraverso l'uso di meccanismi basati sui cookie, viene determinato l'interesse dell'Utente per un determinato prodotto o servizio, sulla base del quale viene indirizzato all'Utente uno specifico messaggio di marketing. I messaggi di marketing vengono visualizzati all'Utente quando l'Utente utilizza il motore di ricerca di Google, naviga su siti web o come parte della sua presenza sui social network. Gli utenti possono disattivare autonomamente l'opzione di remarketing sui dispositivi che utilizzano attraverso l'opzione di disattivazione disponibile al link:\u00a0<a href=\"https:\/\/www.google.com\/settings\/ads\/onweb\/\" target=\"_blank\" rel=\"noopener\">https:\/\/www.google.com\/settings\/ads\/onweb\/<\/a>.\u00a0<b>Informativa sulla privacy di Google<\/b>\u00a0Informazioni dettagliate sui principi di elaborazione e protezione dei dati personali trattati da Google sono descritte nell'informativa sulla privacy di Google, disponibile al link:\u00a0<a href=\"https:\/\/policies.google.com\/privacy\" target=\"_blank\" rel=\"noopener\">https:\/\/policies.google.com\/privacy<\/a>.\u00a0<b>Pixel di Facebook<\/b>\u00a0Il sito utilizza la funzione Facebook Pixel fornita da Facebook Inc. Il pixel di Facebook \u00e8 un breve codice inserito nel sito per misurare l'efficacia degli annunci pubblicitari visualizzati in base all'analisi delle azioni degli utenti. Il pixel di Facebook viene utilizzato per indirizzare gli annunci al pubblico giusto, configurare automaticamente i messaggi di marketing e misurare le prestazioni degli annunci visualizzati. Per informazioni pi\u00f9 dettagliate sui principi di trattamento e protezione dei dati personali trattati da Facebook Inc. si prega di consultare l'informativa sulla privacy di Facebook disponibile al link:\u00a0<a href=\"https:\/\/www.facebook.com\/policy.php\" target=\"_blank\" rel=\"noopener\">https:\/\/www.facebook.com\/policy.php<\/a>.<\/p><h2>Processo decisionale automatizzato<\/h2><p>Non prendiamo decisioni nei confronti degli Utenti che siano basate sul trattamento automatizzato dei dati personali e che producano effetti legali nei loro confronti o che influiscano sugli Utenti in modo simile. Gli strumenti utilizzati dal Servizio possono tuttavia far s\u00ec che la pubblicit\u00e0 venga adattata alle preferenze dell'Utente in base alle informazioni raccolte. Tuttavia, queste informazioni rimangono anonime per noi.<\/p><h2>Diritti dell'utente<\/h2><p>Gli utenti di cui trattiamo i dati personali hanno il diritto di ottenere la conferma che sia o meno in corso un trattamento di dati personali che li riguardano e, in tal caso, di ottenere l'accesso ai dati trattati e alle seguenti informazioni:<\/p><ol><li aria-level=\"1\">la finalit\u00e0 del trattamento;<\/li><li aria-level=\"1\">categorie di dati personali interessati;<\/li><li aria-level=\"1\">informazioni sui destinatari o sulle categorie di destinatari a cui sono stati o saranno comunicati i dati personali, in particolare i destinatari di paesi terzi o di organizzazioni internazionali;<\/li><li aria-level=\"1\">per quanto possibile, il periodo di conservazione dei dati personali previsto e, qualora ci\u00f2 non sia possibile, i criteri per determinare tale periodo;<\/li><li aria-level=\"1\">informazioni sul diritto di richiedere al responsabile del trattamento la rettifica, la cancellazione o la limitazione del trattamento dei dati personali che riguardano l'interessato, e di opporsi a tale trattamento;<\/li><li aria-level=\"1\">informazioni sul diritto di proporre reclamo a un'autorit\u00e0 di controllo;<\/li><li aria-level=\"1\">informazioni sul processo decisionale automatizzato, compresa la profilazione di cui all'articolo 22, paragrafi 1 e 4, del RODO, e informazioni pertinenti sulle modalit\u00e0 di tale processo decisionale, nonch\u00e9 sull'importanza e sulle conseguenze previste di tale trattamento per l'interessato.<\/li><\/ol><p>L'utente ha il diritto di chiedere all'Amministratore di rettificare senza indugio i dati personali che lo riguardano e che sono inesatti. Tenendo conto delle finalit\u00e0 del trattamento, l'utente a cui si riferiscono i dati ha il diritto di richiedere il completamento di dati personali incompleti, anche fornendo una dichiarazione aggiuntiva. L'utente ha il diritto di richiedere al Titolare del trattamento la cancellazione immediata dei dati personali che lo riguardano (\"diritto all'oblio\") e il Titolare del trattamento \u00e8 tenuto a cancellare i dati personali senza ingiustificato ritardo se si verifica una delle seguenti circostanze:<\/p><ol><li aria-level=\"1\">i dati personali non sono pi\u00f9 necessari per le finalit\u00e0 per cui sono stati raccolti o altrimenti trattati;<\/li><li aria-level=\"1\">l'interessato ha revocato il consenso su cui si basa il trattamento ai sensi dell'articolo 6, paragrafo 1, lettera a), e non esiste un'altra base giuridica per il trattamento;<\/li><li aria-level=\"1\">la persona interessata si oppone ai sensi dell'articolo 21, paragrafo 1, del RODO al trattamento e non sussistono motivi legittimi prevalenti per il trattamento, oppure la persona interessata si oppone ai sensi dell'articolo 21, paragrafo 2, del RODO al trattamento;<\/li><li aria-level=\"1\">i dati personali sono stati trattati illegalmente;<\/li><li aria-level=\"1\">i dati personali devono essere cancellati per adempiere a un obbligo legale previsto dal diritto dell'Unione Europea o dal diritto di uno Stato membro a cui l'Amministratore \u00e8 soggetto;<\/li><li aria-level=\"1\">i dati personali sono stati raccolti in relazione all'offerta di servizi della societ\u00e0 dell'informazione, come previsto dall'articolo 8, paragrafo 1, del RODO.<\/li><\/ol><p>L'Amministratore si riserva il diritto di rifiutare la cancellazione dei dati dell'Utente se la loro conservazione \u00e8 necessaria ai fini dell'adempimento dei reclami o se richiesto dalla legge applicabile. L'Utente a cui si riferiscono i dati ha il diritto di chiedere all'Amministratore di limitarne l'elaborazione nei seguenti casi:<\/p><ol><li aria-level=\"1\">L'utente mette in dubbio la correttezza dei dati personali - per un periodo di tempo che consente all'Amministratore di verificare la correttezza dei dati;<\/li><li aria-level=\"1\">il trattamento \u00e8 illecito e l'utente si oppone alla cancellazione dei dati personali, chiedendo invece la limitazione del loro utilizzo;<\/li><li aria-level=\"1\">Il responsabile del trattamento non ha pi\u00f9 bisogno dei dati personali per le finalit\u00e0 del trattamento, ma sono necessari all'utente per stabilire, far valere o difendere i propri diritti;<\/li><li aria-level=\"1\">L'utente ha sollevato un'obiezione ai sensi dell'articolo 21, paragrafo 1, del RODO al trattamento - fino a quando non sar\u00e0 stabilito se i motivi legittimi del Titolare del trattamento prevalgono sui motivi dell'obiezione dell'interessato.<\/li><\/ol><p>L'interessato ha il diritto di ricevere in un formato strutturato e leggibile da dispositivo automatico di uso comune i dati personali che lo riguardano forniti al Titolare del trattamento e ha il diritto di trasmettere tali dati personali a un altro titolare del trattamento senza impedimenti da parte del Titolare del trattamento, qualora:<\/p><ol><li aria-level=\"1\">il trattamento \u00e8 effettuato sulla base del consenso ai sensi dell'articolo 6, paragrafo 1, lettera a), del RODO o sulla base di un contratto ai sensi dell'articolo 6, paragrafo 1, lettera b), del RODO; e<\/li><li aria-level=\"1\">il trattamento \u00e8 effettuato con mezzi automatizzati.<\/li><\/ol><p>L'Utente ha il diritto di richiedere che i dati personali siano inviati dall'Amministratore direttamente a un altro responsabile del trattamento, nella misura in cui ci\u00f2 sia tecnicamente possibile. L'Utente ha il diritto di opporsi in qualsiasi momento al trattamento dei propri dati personali ai fini del marketing diretto dell'Amministratore, compresa la profilazione, nella misura in cui il trattamento \u00e8 correlato a tale marketing diretto. L'Utente ha il diritto di presentare un reclamo all'autorit\u00e0 di controllo - il Presidente dell'Ufficio per la protezione dei dati personali, via Stawki 2, 00-193 Varsavia. Nel caso in cui i dati personali dell'Utente siano trattati sulla base del consenso, l'Utente pu\u00f2 revocare il proprio consenso in qualsiasi momento. La revoca del consenso non pregiudica la legalit\u00e0 del trattamento effettuato sulla base del consenso prima della sua revoca.<\/p><h2>Modifiche all'Informativa sulla privacy<\/h2><p>Ci riserviamo il diritto di apportare modifiche alla presente Informativa sulla privacy per motivi importanti, in particolare se cambiano i principi del nostro trattamento dei dati personali, la legge o il modo in cui viene interpretata, o se cambia l'elenco delle tecnologie che utilizziamo o il modo in cui funzionano. Vi informeremo delle modifiche alla presente Informativa sulla privacy pubblicando un avviso sul sito web.<\/p>\t\t\t\t\t\t\t\t<\/div>\n\t\t\t\t<\/div>\n\t\t\t\t\t<\/div>\n\t\t<\/div>\n\t\t\t\t\t<\/div>\n\t\t<\/section>\n\t\t\t\t<\/div>","protected":false},"excerpt":{"rendered":"<p>Polityka prywatno\u015bci informacje dla odwiedzaj\u0105cych Szanujemy prywatno\u015b\u0107 U\u017cytkownik\u00f3w serwisu internetowego pod adresem: lifestylerek.com (dalej: \u201eSerwis\u201d) i dok\u0142adamy wszelkich stara\u0144, aby ich dane osobowe by\u0142y przetwarzane w spos\u00f3b bezpieczny i zgodny z prawem. Dane administratora danych osobowych Administratorem danych osobowych U\u017cytkownik\u00f3w Serwisu jest: lifestylerek.com (dalej: \u201emy\u201d lub \u201eAdministrator\u201d).\u00a0\u00a0W celu kontaktu z Administratorem we wszystkich sprawach zwi\u0105zanych [&hellip;]<\/p>\n","protected":false},"author":2,"featured_media":0,"parent":0,"menu_order":0,"comment_status":"closed","ping_status":"closed","template":"","meta":{"inline_featured_image":false,"footnotes":""},"class_list":["post-1135","page","type-page","status-publish","hentry"],"_links":{"self":[{"href":"https:\/\/lifestylerek.com\/it\/wp-json\/wp\/v2\/pages\/1135","targetHints":{"allow":["GET"]}}],"collection":[{"href":"https:\/\/lifestylerek.com\/it\/wp-json\/wp\/v2\/pages"}],"about":[{"href":"https:\/\/lifestylerek.com\/it\/wp-json\/wp\/v2\/types\/page"}],"author":[{"embeddable":true,"href":"https:\/\/lifestylerek.com\/it\/wp-json\/wp\/v2\/users\/2"}],"replies":[{"embeddable":true,"href":"https:\/\/lifestylerek.com\/it\/wp-json\/wp\/v2\/comments?post=1135"}],"version-history":[{"count":0,"href":"https:\/\/lifestylerek.com\/it\/wp-json\/wp\/v2\/pages\/1135\/revisions"}],"wp:attachment":[{"href":"https:\/\/lifestylerek.com\/it\/wp-json\/wp\/v2\/media?parent=1135"}],"curies":[{"name":"wp","href":"https:\/\/api.w.org\/{rel}","templated":true}]}}