{"id":1135,"date":"2022-08-15T12:05:23","date_gmt":"2022-08-15T12:05:23","guid":{"rendered":"https:\/\/lifestylerek.com\/?page_id=1135"},"modified":"2025-06-27T09:33:05","modified_gmt":"2025-06-27T09:33:05","slug":"polityka-prywatnosci","status":"publish","type":"page","link":"https:\/\/lifestylerek.com\/lt\/privatumo-politika\/","title":{"rendered":"Privatumo politika"},"content":{"rendered":"<div data-elementor-type=\"wp-page\" data-elementor-id=\"1135\" class=\"elementor elementor-1135\" data-elementor-post-type=\"page\">\n\t\t\t\t\t\t<section class=\"elementor-section elementor-top-section elementor-element elementor-element-7afa5e03 elementor-section-height-min-height elementor-section-boxed elementor-section-height-default elementor-section-items-middle\" data-id=\"7afa5e03\" data-element_type=\"section\" data-e-type=\"section\" data-settings=\"{&quot;jet_parallax_layout_list&quot;:[]}\">\n\t\t\t\t\t\t<div class=\"elementor-container elementor-column-gap-default\">\n\t\t\t\t\t<div class=\"elementor-column elementor-col-100 elementor-top-column elementor-element elementor-element-5e96e6e0\" data-id=\"5e96e6e0\" data-element_type=\"column\" data-e-type=\"column\">\n\t\t\t<div class=\"elementor-widget-wrap elementor-element-populated\">\n\t\t\t\t\t\t<div class=\"elementor-element elementor-element-eb6ec16 elementor-widget elementor-widget-heading\" data-id=\"eb6ec16\" data-element_type=\"widget\" data-e-type=\"widget\" data-widget_type=\"heading.default\">\n\t\t\t\t<div class=\"elementor-widget-container\">\n\t\t\t\t\t<h1 class=\"elementor-heading-title elementor-size-default\">Privatumo politika<\/h1>\t\t\t\t<\/div>\n\t\t\t\t<\/div>\n\t\t\t\t<div class=\"elementor-element elementor-element-27d764b6 elementor-widget elementor-widget-heading\" data-id=\"27d764b6\" data-element_type=\"widget\" data-e-type=\"widget\" data-widget_type=\"heading.default\">\n\t\t\t\t<div class=\"elementor-widget-container\">\n\t\t\t\t\t<h2 class=\"elementor-heading-title elementor-size-default\">informacija lankytojams<\/h2>\t\t\t\t<\/div>\n\t\t\t\t<\/div>\n\t\t\t\t\t<\/div>\n\t\t<\/div>\n\t\t\t\t\t<\/div>\n\t\t<\/section>\n\t\t\t\t<section class=\"elementor-section elementor-top-section elementor-element elementor-element-349a81a9 elementor-reverse-tablet elementor-reverse-mobile elementor-section-boxed elementor-section-height-default elementor-section-height-default\" data-id=\"349a81a9\" data-element_type=\"section\" data-e-type=\"section\" data-settings=\"{&quot;jet_parallax_layout_list&quot;:[]}\">\n\t\t\t\t\t\t<div class=\"elementor-container elementor-column-gap-default\">\n\t\t\t\t\t<div class=\"elementor-column elementor-col-100 elementor-top-column elementor-element elementor-element-4005016e\" data-id=\"4005016e\" data-element_type=\"column\" data-e-type=\"column\">\n\t\t\t<div class=\"elementor-widget-wrap elementor-element-populated\">\n\t\t\t\t\t\t<div class=\"elementor-element elementor-element-6519ad81 elementor-widget elementor-widget-text-editor\" data-id=\"6519ad81\" data-element_type=\"widget\" data-e-type=\"widget\" data-widget_type=\"text-editor.default\">\n\t\t\t\t<div class=\"elementor-widget-container\">\n\t\t\t\t\t\t\t\t\t<p>Szanujemy prywatno\u015b\u0107 U\u017cytkownik\u00f3w serwisu internetowego pod adresem: lifestylerek.com (dalej: \u201eSerwis\u201d) i dok\u0142adamy wszelkich stara\u0144, aby ich dane osobowe by\u0142y przetwarzane w spos\u00f3b bezpieczny i zgodny z prawem. Dane administratora danych osobowych Administratorem danych osobowych U\u017cytkownik\u00f3w Serwisu jest: lifestylerek.com (dalej: \u201emy\u201d lub \u201eAdministrator\u201d).\u00a0\u00a0W celu kontaktu z Administratorem we wszystkich sprawach zwi\u0105zanych z niniejsz\u0105 Polityk\u0105 prywatno\u015bci oraz przetwarzaniem danych osobowych U\u017cytkownik\u00f3w Serwisu prosimy o wys\u0142anie wiadomo\u015bci na adres e-mail: kontakt@lifestylerek.com.\u00a0<\/p><h2 class=\"wp-block-heading\">Bendra informacija<\/h2><p>Visas Svetain\u0117s turinys yra saugomas \u012fstatym\u0173, \u012fskaitant autori\u0173 teisi\u0173 ar preki\u0173 \u017eenkl\u0173 apsaugos teises, ir negali b\u016bti naudojamas jokiais b\u016bdais be i\u0161ankstinio ra\u0161ti\u0161ko Administratoriaus sutikimo, gresiant negaliojimo pavojui, i\u0161skyrus leid\u017eiam\u0105 asmenin\u012f k\u016brini\u0173 naudojim\u0105, kaip apibr\u0117\u017eta 1994 m. vasario 4 d. Autori\u0173 teisi\u0173 ir gretutini\u0173 teisi\u0173 \u012fstatyme. Bet kokie veiksmai, vir\u0161ijantys pirmiau min\u0117t\u0105 leid\u017eiam\u0105 naudojim\u0105, yra draud\u017eiami ir gali u\u017etraukti civilin\u0119 ir baud\u017eiam\u0105j\u0105 atsakomyb\u0119. Administratorius deda visas pastangas, kad apsaugot\u0173 Naudotoj\u0173 privatum\u0105, \u012fskaitant visas teis\u0117s aktuose numatytas atsargumo priemones, u\u017etikrinan\u010dias, kad visi duomenys, \u012fskaitant Naudotoj\u0173 pateiktus asmens duomenis, b\u016bt\u0173 apsaugoti nuo praradimo, sunaikinimo, atskleidimo, ne\u012fgaliot\u0173 asmen\u0173 prieigos ir piktnaud\u017eiavimo. Be to, Naudotojai atitinkamais veiksmais gali prisid\u0117ti prie savo duomen\u0173, \u012fskaitant asmens duomenis internete, saugumo didinimo (pavyzd\u017eiui, da\u017enai keisdami prieigos slapta\u017eod\u017eius, naudodami raid\u017ei\u0173 ir skai\u010di\u0173 derinius).  Administratorius neatsako u\u017e interneto svetaini\u0173, \u012f kurias Vartotojas patenka per Svetain\u0117je pateiktas nuorodas, privatumo taisykles. Administratorius pasilieka teis\u0119 keisti \u0161i\u0105 privatumo politik\u0105, siekdamas u\u017etikrinti jos aktualum\u0105. Apie bet kokius Privatumo politikos pakeitimus Vartotojai bus informuojami el. pa\u0161tu. Jei nesutinkate su Privatumo politika, nesinaudokite Paslauga.<\/p><h2>Asmens duomen\u0173 \u0161altinis<\/h2><p>Asmens duomenis, kuriuos tvarkome i\u0161 Naudotoj\u0173, gauname jiems naudojantis Svetaine, kai siun\u010diamos u\u017eklausos \u012f server\u012f, kurios v\u0117liau kaupiamos serverio \u017eurnaluose. \u012e \u017eurnalus \u012ftraukiami tokie duomenys kaip data, IP adresas, informacija apie informacin\u0119 sistem\u0105 ir interneto nar\u0161ykl\u0119. \u0160ie duomenys nenaudojami konkre\u010diam naudotojui identifikuoti, o tik administraciniais, diagnostiniais ir statistiniais tikslais. Nerenkame duomen\u0173, kurie leist\u0173 tiesiogiai identifikuoti Paslaugoje besilankant\u012f asmen\u012f, vis d\u0117lto m\u016bs\u0173 tvarkomi duomenys yra susieti su unikaliais identifikaciniais numeriais, kurie, atsi\u017evelgiant \u012f 2016 m. baland\u017eio 27 d. Europos Parlamento ir Tarybos reglament\u0105 (ES) 2016\/679 d\u0117l fizini\u0173 asmen\u0173 apsaugos tvarkant asmens duomenis ir d\u0117l laisvo toki\u0173 duomen\u0173 jud\u0117jimo ir kuriuo panaikinama Direktyva 95\/46\/EB (Bendrasis duomen\u0173 apsaugos reglamentas) (toliau - RODO), yra identifikatoriai, leid\u017eiantys atskirti konkret\u0173 Naudotoj\u0105 nuo Paslaugos naudotoj\u0173 grup\u0117s, tod\u0117l gali b\u016bti laikomi asmens duomenimis. Kai m\u016bs\u0173 tvarkomiems duomenims taikomos RODO nuostatos, u\u017etikriname, kad imsim\u0117s vis\u0173 b\u016btin\u0173 priemoni\u0173, kad duomenys b\u016bt\u0173 tvarkomi laikantis princip\u0173, kylan\u010di\u0173 i\u0161 min\u0117to reglamento ir atitinkam\u0173 nacionalini\u0173 \u012fstatym\u0173. Bendra informacija apie tvarkomus asmens duomenis<\/p><table><tbody><tr><td><b>TVARKYMO TIKSLAS<\/b><\/td><td><b>TEISINIS PAGRINDAS<\/b><\/td><td><b>DUOMEN\u0172 SAUGOJIMO LAIKOTARPIS<\/b><\/td><\/tr><tr><td>Sutar\u010di\u0173 \u012fgyvendinimas, skund\u0173 nagrin\u0117jimas, korespondencijos tvarkymas.<\/td><td>Duomenis b\u016btina tvarkyti siekiant \u012fvykdyti sutart\u012f arba jie tvarkomi j\u016bs\u0173 pra\u0161ymu (RODO 6 straipsnio 1 dalies b punktas).<\/td><td>Iki abipusi\u0173 reikalavim\u0173 senaties termino.<\/td><\/tr><tr><td>Tyrimas ir gynyba nuo pretenzij\u0173, gr\u012f\u017etan\u010dio naudotojo identifikavimas, diagnostika, funkciniai slapukai.<\/td><td>Duomenys tvarkomi remiantis teis\u0117tu duomen\u0173 valdytojo interesu (RODO 6 straipsnio 1 dalies f punktas).<\/td><td>Nei\u0161spr\u0119sti prie\u0161taravimai.<\/td><\/tr><tr><td>Kit\u0173 slapuk\u0173, i\u0161skyrus funkcinius slapukus, naudojimas.<\/td><td>Duomenys tvarkomi remiantis naudotojo sutikimu (RODO 6 straipsnio 1 dalies a punktas).<\/td><td>Kol sutikimas bus at\u0161auktas.<\/td><\/tr><tr><td>Vykdyti administratoriui tenkan\u010dias teisines prievoles.<\/td><td>Duomenis b\u016btina tvarkyti siekiant \u012fvykdyti duomen\u0173 valdytojui tenkan\u010di\u0105 teisin\u0119 prievol\u0119 (RODO 6 straipsnio 1 dalies c punktas).<\/td><td>Tol, kol to reikalauja apskaitos ir buhalterin\u0117s apskaitos taisykl\u0117s.<\/td><\/tr><\/tbody><\/table><h2>Asmens duomen\u0173 gav\u0117jai<\/h2><p>J\u016bs\u0173 asmens duomenys kitiems gav\u0117jams perduodami tiek, kiek tai b\u016btina pirmiau apra\u0161ytiems tikslams \u012fgyvendinti, ir tik bendradarbiaujantiems subjektams, kurie atitinka teis\u0117s aktuose nustatytus asmens duomen\u0173 saugumo reikalavimus. Vis\u0173 pirma asmens duomen\u0173 gav\u0117jai gali b\u016bti apskaitos tarnybos, prieglobos paslaug\u0173 teik\u0117jai, kurjeriai arba bankai.<\/p><h2>Slapukai<\/h2><p>Svetain\u0117 naudoja savo ir tre\u010di\u0173j\u0173 \u0161ali\u0173 slapukus, saugomus galutinio \u012frenginio atmintyje, taip pat analitines priemones, leid\u017eian\u010dias nuskaityti anoniminius duomenis. J\u0173 naudojimas leid\u017eia u\u017etikrinti tinkam\u0105 m\u016bs\u0173 svetain\u0117s veikim\u0105, taip pat optimizuoti paslaugas renkant duomenis apie: naudojam\u0105 operacin\u0119 sistem\u0105, nar\u0161ykl\u0119, naudotojo veikl\u0105 svetain\u0117je ir atskiruose jos tinklalapiuose arba veikl\u0105, susijusi\u0105 su nuorodomis, taip pat naudotojo lyt\u012f ir am\u017ei\u0173 bei miest\u0105, i\u0161 kurio buvo prisijungta.  Slapukai, kuriuos naudoja m\u016bs\u0173 svetain\u0117, yra ir m\u016bs\u0173 svetain\u0117s sukurti nuosavyb\u0117s slapukai, ir tre\u010di\u0173j\u0173 \u0161ali\u0173 slapukai, kuriais renkama informacija, kad reklama b\u016bt\u0173 pritaikyta pagal naudotojo pageidavimus ir b\u016bt\u0173 \u012fvertintas reklamin\u0117s veiklos veiksmingumas. Slapukai taip pat skirstomi \u012f na\u0161umo ir funkcinius slapukus bei nuolatinius ir sesijos slapukus. Svetain\u0117je naudojami sesijos slapukai, kurie i\u0161trinami, kai nustojate naudotis Svetaine ir u\u017edarote savo interneto nar\u0161ykl\u0117s lang\u0105, taip pat nuolatiniai slapukai, kurie saugomi \u012frenginiuose, per kuriuos naudojat\u0117s Svetaine, tam tikr\u0105 laik\u0105 arba tol, kol jie i\u0161trinami. Slapukai, kuriuos m\u016bs\u0173 Svetain\u0117 naudoja nepriklausomai nuo Vartotojo sutikimo, yra slapukai, kurie yra b\u016btini, reikalingi tinkamam Svetain\u0117s naudojimui, pvz. D\u0117l kit\u0173 sutikimas naudoti slapukus duodamas galutiniame \u012frenginyje pasirinkus atitinkamus nar\u0161ykl\u0117s nustatymus.  Subjektai, kurie, remdamiesi Vartotojo sutikimu, gali \u012fdiegti ir naudoti slapukus Svetain\u0117je, yra Paslaug\u0173 teik\u0117jas ir:<\/p><ol><li aria-level=\"1\"><b>\"Google LLC\", kurios pagrindin\u0117 b\u016bstin\u0117 yra Mountain View, Kalifornijoje, Jungtin\u0117se Amerikos Valstijose<\/b>. Nor\u0117dami su\u017einoti daugiau apie \u0161io administratoriaus privatumo politik\u0105, spustel\u0117kite \u010dia:\u00a0<a href=\"https:\/\/policies.google.com\/privacy\" target=\"_blank\" rel=\"noopener\">https:\/\/policies.google.com\/privacy<\/a>;<\/li><li aria-level=\"1\"><b>\"Facebook Inc.\" \u012fsteigta Menlo Parke, Kalifornijoje, JAV<\/b>. Nor\u0117dami su\u017einoti daugiau apie \u0161io administratoriaus privatumo politik\u0105, spustel\u0117kite \u010dia:\u00a0<a href=\"https:\/\/www.facebook.com\/policy.php\" target=\"_blank\" rel=\"noopener\">https:\/\/www.facebook.com\/policy.php<\/a>;<\/li><li aria-level=\"1\"><b>\"Hotjar Limited\", pagal Maltos teis\u0119 \u012fregistruota u\u017edaroji akcin\u0117 bendrov\u0117<\/b>. Nor\u0117dami su\u017einoti daugiau apie \u0161io administratoriaus privatumo politik\u0105, spustel\u0117kite \u010dia:\u00a0<a href=\"https:\/\/www.hotjar.com\/legal\/policies\/privacy\/\" target=\"_blank\" rel=\"noopener\">https:\/\/www.hotjar.com\/legal\/policies\/privacy\/<\/a>.<\/li><\/ol><p>Slapuk\u0173 duomenys bus saugomi priklausomai nuo slapuk\u0173 tipo: (i) naudojimosi Svetaine laikotarpiu (sesijos failai), (ii) tol, kol Naudotojas pasinaudos savo teis\u0117mis, leid\u017eian\u010diomis nutraukti jo asmens duomen\u0173 tvarkym\u0105, arba (iii) tol, kol Naudotojas at\u0161auks savo sutikim\u0105 juos tvarkyti. Vartotojas gali savaranki\u0161kai ir bet kada pakeisti slapuk\u0173 nustatymus, nurodydamas slapuk\u0173 saugojimo ir prieigos prie Vartotojo \u012frenginio s\u0105lygas. Ankstesniame sakinyje nurodytus nustatymus Vartotojas gali pakeisti savo interneto nar\u0161ykl\u0117s nustatymuose arba paslaugos konfig\u016bracijoje. \u0160iuos nustatymus galima keisti, vis\u0173 pirma taip, kad interneto nar\u0161ykl\u0117s nustatymuose b\u016bt\u0173 u\u017eblokuotas automatinis slapuk\u0173 tvarkymas arba kiekvien\u0105 kart\u0105 b\u016bt\u0173 informuojama apie j\u0173 patalpinim\u0105 Vartotojo \u012frenginyje. I\u0161sami\u0105 informacij\u0105 apie slapuk\u0173 tvarkymo galimybes ir b\u016bdus rasite savo programin\u0117s \u012frangos (interneto nar\u0161ykl\u0117s) nustatymuose. Vartotojas gali bet kada tvarkyti savo sutikim\u0105 tvarkyti slapukus paspaud\u0119s \u010dia.<\/p><h2>Naudojamos analitin\u0117s priemon\u0117s ir reklama<\/h2><p><b>\"Google Analytics<\/b>\u00a0Svetain\u0117je naudojama \"Google Analytics\", \"Google LLC\" (toliau - \"Google\") teikiama priemon\u0117. \"Google Analytics\" naudoja savo slapukus, kad gal\u0117t\u0173 steb\u0117ti naudotoj\u0173 s\u0105veik\u0105 su kitomis svetain\u0117mis ar programomis. Duomenys, kuriuos renka \"Google Analytics\", i\u0161 esm\u0117s renkami anonimi\u0161kai ir neleid\u017eia nustatyti Naudotoj\u0173 tapatyb\u0117s. \u012e \"Google Analytics\" renkamus duomenis gali b\u016bti \u012ftraukti, pavyzd\u017eiui: apytiksl\u0117 geografin\u0117 vieta, demografiniai duomenys, informacija apie naudojam\u0105 \u012frengin\u012f, sistem\u0105, nar\u0161ykl\u0119, ekrano skiriam\u0105j\u0105 geb\u0105, nustatyt\u0105 kalb\u0105, interneto paslaug\u0173 teik\u0117j\u0105, interneto ry\u0161io tip\u0105, taip pat Vartotojo elgsena svetain\u0117je. I\u0161sami informacija apie \"Google Analytics\" renkamus duomenis apra\u0161yta \"Google Analytics\" privatumo politikoje, kuri\u0105 galima rasti adresu:\u00a0<a href=\"https:\/\/support.google.com\/analytics\/topic\/2919631?hl=pl&amp;ref_topic=1008008\" target=\"_blank\" rel=\"noopener\">https:\/\/support.google.com\/analytics\/topic\/2919631?hl=pl&amp;ref_topic=1008008<\/a>.\u00a0<b>\"Google\" skelbimai<\/b>\u00a0Svetain\u0117je naudojamas \"Google Ads\" \u012frankis, kuris yra reklamos sistema, leid\u017eianti reklaminiams prane\u0161imams jus pasiekti \"Google\" priklausan\u010diais kanalais. Pavyzd\u017eiui, \"Google Ads\" renka \u0161i\u0173 tip\u0173 duomenis: internetin\u0117je paie\u0161kos sistemoje \u012fvestas paie\u0161kos u\u017eklausas, naudotoj\u0173 veiklos kitose svetain\u0117se steb\u0117jimo duomenis. Paprastai pagal \"Google Ads\" surinktus duomenis negalima nustatyti j\u016bs\u0173 unikalios tapatyb\u0117s.  I\u0161sami informacija apie \"Google Ads\" apra\u0161yta \"Google\" privatumo politikoje, kuri\u0105 galima rasti pagal \u0161i\u0105 nuorod\u0105:\u00a0<a href=\"https:\/\/policies.google.com\/privacy\" target=\"_blank\" rel=\"noopener\">https:\/\/policies.google.com\/privacy<\/a>. Vartotojas gali savaranki\u0161kai atsisakyti \"Google\" skelbim\u0173 steb\u0117jimo naudodamasis atitinkamais savo nar\u0161ykl\u0117s nustatymais. I\u0161samesn\u0117s informacijos apie tai, kaip atsisakyti \"Google Ads\" sekimo, rasite nuorodoje:\u00a0<a href=\"https:\/\/support.google.com\/google-ads\/answer\/32050\" target=\"_blank\" rel=\"noopener\">https:\/\/support.google.com\/google-ads\/answer\/32050<\/a>.\u00a0<b>Pakartotin\u0117 rinkodara<\/b>\u00a0Svetain\u0117je naudojama \"Google Analytics\" si\u016bloma pakartotin\u0117s rinkodaros funkcija kartu su \"Google Ads\" \u012frankiu, kur\u012f teikia \"Google\". Pakartotin\u0117 rinkodara - tai reklamos internete b\u016bdas. Reklamin\u0117 veikla nukreipiama \u012f asmenis, kurie lank\u0117si Svetain\u0117je. Naudojant slapukais pagr\u012fstus mechanizmus, nustatomas Vartotojo susidom\u0117jimas tam tikru produktu ar paslauga, kuriuo remiantis Vartotojui siun\u010diamas konkretus rinkodaros prane\u0161imas. Rinkodaros prane\u0161imai Vartotojui rodomi, kai Vartotojas naudojasi \"Google\" paie\u0161kos sistema, nar\u0161o interneto svetain\u0117se arba dalyvauja socialiniuose tinkluose. Vartotojai gali savaranki\u0161kai i\u0161jungti pakartotin\u0117s rinkodaros parinkt\u012f savo naudojamuose \u012frenginiuose, naudodamiesi i\u0161jungimo parinktimi, kuri\u0105 galima rasti nuorodoje:\u00a0<a href=\"https:\/\/www.google.com\/settings\/ads\/onweb\/\" target=\"_blank\" rel=\"noopener\">https:\/\/www.google.com\/settings\/ads\/onweb\/<\/a>.\u00a0<b>\"Google\" privatumo politika<\/b>\u00a0I\u0161sami informacija apie \"Google\" tvarkom\u0173 asmens duomen\u0173 tvarkymo ir apsaugos principus apra\u0161yta \"Google\" privatumo politikoje, kuri\u0105 galima rasti paspaudus \u0161i\u0105 nuorod\u0105:\u00a0<a href=\"https:\/\/policies.google.com\/privacy\" target=\"_blank\" rel=\"noopener\">https:\/\/policies.google.com\/privacy<\/a>.\u00a0<b>\"Facebook Pixel<\/b>\u00a0Svetain\u0117je naudojama \"Facebook Pixel\" funkcija, kuri\u0105 teikia \"Facebook Inc.\". \"Facebook\" pikselis - tai trumpas kodas, patalpintas Svetain\u0117je, kad b\u016bt\u0173 galima \u012fvertinti rodom\u0173 reklam\u0173 veiksmingum\u0105, remiantis naudotoj\u0173 veiksm\u0173 analize. Facebook pikselis naudojamas siekiant nukreipti skelbimus \u012f reikiam\u0105 auditorij\u0105, automati\u0161kai konfig\u016bruoti rinkodaros prane\u0161imus ir matuoti rodom\u0173 skelbim\u0173 efektyvum\u0105. I\u0161samesn\u0117s informacijos apie \"Facebook Inc.\" tvarkom\u0173 asmens duomen\u0173 tvarkymo ir apsaugos principus rasite \"Facebook\" privatumo politikoje, kuri\u0105 rasite \u0161ioje nuorodoje:\u00a0<a href=\"https:\/\/www.facebook.com\/policy.php\" target=\"_blank\" rel=\"noopener\">https:\/\/www.facebook.com\/policy.php<\/a>.<\/p><h2>Automatinis sprendim\u0173 pri\u0117mimas<\/h2><p>Vartotoj\u0173 at\u017evilgiu nepriimame automatizuotu asmens duomen\u0173 tvarkymu pagr\u012fst\u0173 sprendim\u0173, kurie sukelt\u0173 jiems teisines pasekmes arba pana\u0161iai paveikt\u0173 Vartotojus. Ta\u010diau d\u0117l Paslaugoje naudojam\u0173 priemoni\u0173 reklama gali b\u016bti pritaikyta pagal Vartotojo pageidavimus, remiantis surinkta informacija. Ta\u010diau \u0161i informacija mums i\u0161lieka anonimin\u0117.<\/p><h2>Naudotojo teis\u0117s<\/h2><p>Vartotojai, kuri\u0173 asmens duomenis tvarkome, turi teis\u0119 gauti patvirtinim\u0105, ar su jais susij\u0119 asmens duomenys yra tvarkomi, o jei taip yra, gauti galimyb\u0119 susipa\u017einti su tvarkomais duomenimis ir \u0161i\u0105 informacij\u0105:<\/p><ol><li aria-level=\"1\">duomen\u0173 tvarkymo tikslas;<\/li><li aria-level=\"1\">atitinkam\u0173 asmens duomen\u0173 kategorijas;<\/li><li aria-level=\"1\">informacija apie gav\u0117jus arba gav\u0117j\u0173 kategorijas, kuriems buvo arba bus atskleisti asmens duomenys, vis\u0173 pirma gav\u0117jus tre\u010diosiose \u0161alyse arba tarptautin\u0117se organizacijose;<\/li><li aria-level=\"1\">kiek \u012fmanoma, numatyt\u0105 asmens duomen\u0173 saugojimo laikotarp\u012f, o jei tai ne\u012fmanoma, to laikotarpio nustatymo kriterijus;<\/li><li aria-level=\"1\">informacija apie teis\u0119 pra\u0161yti duomen\u0173 valdytojo i\u0161taisyti, i\u0161trinti ar apriboti duomen\u0173 subjekto asmens duomen\u0173 tvarkym\u0105 ir nesutikti su tokiu tvarkymu;<\/li><li aria-level=\"1\">informacija apie teis\u0119 pateikti skund\u0105 prie\u017ei\u016bros institucijai;<\/li><li aria-level=\"1\">informacij\u0105 apie automatizuot\u0105 sprendim\u0173 pri\u0117mim\u0105, \u012fskaitant profiliavim\u0105, kaip nurodyta RODO 22 straipsnio 1 ir 4 dalyse, ir atitinkam\u0105 informacij\u0105 apie tokio sprendim\u0173 pri\u0117mimo b\u016bdus, taip pat tokio duomen\u0173 tvarkymo svarb\u0105 ir numatomas pasekmes duomen\u0173 subjektui.<\/li><\/ol><p>Vartotojas turi teis\u0119 reikalauti, kad Administratorius nedelsdamas i\u0161taisyt\u0173 netikslius jo asmens duomenis. Atsi\u017evelgiant \u012f duomen\u0173 tvarkymo tikslus, naudotojas, su kuriuo susij\u0119 duomenys, turi teis\u0119 pra\u0161yti papildyti nei\u0161samius asmens duomenis, be kita ko, pateikdamas papildom\u0105 parei\u0161kim\u0105. Naudotojas turi teis\u0119 pra\u0161yti, kad Duomen\u0173 valdytojas nedelsdamas i\u0161trint\u0173 su juo susijusius asmens duomenis (\"teis\u0117 b\u016bti pamir\u0161tam\"), o Duomen\u0173 valdytojas privalo nepagr\u012fstai nedelsdamas i\u0161trinti asmens duomenis, jei susiklosto viena i\u0161 toliau nurodyt\u0173 aplinkybi\u0173:<\/p><ol><li aria-level=\"1\">asmens duomenys neb\u0117ra reikalingi tais tikslais, kuriais jie buvo surinkti ar kitaip tvarkomi;<\/li><li aria-level=\"1\">duomen\u0173 subjektas at\u0161auk\u0117 sutikim\u0105, kuriuo grind\u017eiamas duomen\u0173 tvarkymas pagal 6 straipsnio 1 dalies a punkt\u0105, ir n\u0117ra jokio kito teisinio pagrindo tvarkyti duomenis;<\/li><li aria-level=\"1\">duomen\u0173 subjektas prie\u0161tarauja duomen\u0173 tvarkymui pagal RODO 21 straipsnio 1 dal\u012f ir n\u0117ra vir\u0161esni\u0173 teis\u0117t\u0173 prie\u017eas\u010di\u0173 tvarkyti duomenis arba duomen\u0173 subjektas prie\u0161tarauja duomen\u0173 tvarkymui pagal RODO 21 straipsnio 2 dal\u012f;<\/li><li aria-level=\"1\">asmens duomenys buvo tvarkomi neteis\u0117tai;<\/li><li aria-level=\"1\">asmens duomenys turi b\u016bti i\u0161trinti siekiant \u012fvykdyti teisin\u0119 prievol\u0119 pagal Europos S\u0105jungos teis\u0119 arba valstyb\u0117s nar\u0117s, kurios teis\u0117 taikoma Administratoriui, teis\u0119;<\/li><li aria-level=\"1\">asmens duomenys buvo renkami teikiant informacin\u0117s visuomen\u0117s paslaugas, kaip nurodyta RODO 8 straipsnio 1 dalyje.<\/li><\/ol><p>Administratorius pasilieka teis\u0119 atsisakyti i\u0161trinti Vartotojo duomenis, jei juos b\u016btina i\u0161saugoti siekiant patenkinti pretenzijas arba jei to reikalauja galiojantys \u012fstatymai. Naudotojas, su kuriuo susij\u0119 duomenys, turi teis\u0119 pra\u0161yti Administratoriaus apriboti duomen\u0173 tvarkym\u0105 toliau nurodytais atvejais:<\/p><ol><li aria-level=\"1\">Vartotojas abejoja asmens duomen\u0173 teisingumu - tam tikr\u0105 laik\u0105, kad administratorius gal\u0117t\u0173 patikrinti duomen\u0173 teisingum\u0105;<\/li><li aria-level=\"1\">tvarkymas yra neteis\u0117tas, o naudotojas prie\u0161tarauja asmens duomen\u0173 i\u0161trynimui ir pra\u0161o apriboti j\u0173 naudojim\u0105;<\/li><li aria-level=\"1\">Duomen\u0173 valdytojui nebereikia asmens duomen\u0173 tvarkymo tikslais, ta\u010diau jie reikalingi naudotojui, kad jis gal\u0117t\u0173 pareik\u0161ti, pateikti ar apginti reikalavimus;<\/li><li aria-level=\"1\">Naudotojas pagal RODO 21 straipsnio 1 dal\u012f parei\u0161k\u0117 prie\u0161taravim\u0105 d\u0117l duomen\u0173 tvarkymo - kol bus nustatyta, ar duomen\u0173 valdytojo teis\u0117ti pagrindai yra vir\u0161esni u\u017e duomen\u0173 subjekto prie\u0161taravimo motyvus.<\/li><\/ol><p>Duomen\u0173 subjektas turi teis\u0119 gauti su juo susijusius asmens duomenis, kuriuos jis pateik\u0117 Duomen\u0173 valdytojui, susistemintu, \u012fprastai naudojamu kompiuterio skaitomu formatu ir turi teis\u0119 si\u0173sti tuos asmens duomenis kitam duomen\u0173 valdytojui be joki\u0173 kli\u016b\u010di\u0173 i\u0161 Duomen\u0173 valdytojo pus\u0117s, jei:<\/p><ol><li aria-level=\"1\">duomen\u0173 tvarkymas atliekamas sutikimo pagrindu pagal RODO 6 straipsnio 1 dalies a punkt\u0105 arba sutarties pagrindu pagal RODO 6 straipsnio 1 dalies b punkt\u0105; ir<\/li><li aria-level=\"1\">apdorojimas atliekamas automatizuotomis priemon\u0117mis.<\/li><\/ol><p>Vartotojas turi teis\u0119 pra\u0161yti, kad Administratorius asmens duomenis tiesiogiai nusi\u0173st\u0173 kitam duomen\u0173 valdytojui, jei tai techni\u0161kai \u012fmanoma. Vartotojas turi teis\u0119 bet kuriuo metu nesutikti, kad jo asmens duomenys b\u016bt\u0173 tvarkomi Administratoriaus tiesiogin\u0117s rinkodaros, \u012fskaitant profiliavim\u0105, tikslais, jei duomen\u0173 tvarkymas yra susij\u0119s su tokia tiesiogine rinkodara. Naudotojas turi teis\u0119 pateikti skund\u0105 prie\u017ei\u016bros institucijai - Asmens duomen\u0173 apsaugos biuro pirmininkui, Stawki g. 2, 00-193 Var\u0161uva. Jei Vartotojo asmens duomenys tvarkomi sutikimo pagrindu, savo sutikim\u0105 galite bet kada at\u0161aukti. Sutikimo at\u0161aukimas neturi \u012ftakos duomen\u0173 tvarkymo, atlikto remiantis sutikimu iki jo at\u0161aukimo, teis\u0117tumui.<\/p><h2>Privatumo politikos pakeitimai<\/h2><p>Pasiliekame teis\u0119 keisti \u0161i\u0105 privatumo politik\u0105 d\u0117l svarbi\u0173 prie\u017eas\u010di\u0173, ypa\u010d jei kei\u010diasi m\u016bs\u0173 asmens duomen\u0173 tvarkymo principai, \u012fstatymai ar j\u0173 ai\u0161kinimas, arba jei kei\u010diasi m\u016bs\u0173 naudojam\u0173 technologij\u0173 s\u0105ra\u0161as ar j\u0173 veikimo b\u016bdas. Apie \u0161ios Privatumo politikos pakeitimus informuosime jus paskelbdami prane\u0161im\u0105 svetain\u0117je.<\/p>\t\t\t\t\t\t\t\t<\/div>\n\t\t\t\t<\/div>\n\t\t\t\t\t<\/div>\n\t\t<\/div>\n\t\t\t\t\t<\/div>\n\t\t<\/section>\n\t\t\t\t<\/div>","protected":false},"excerpt":{"rendered":"<p>Polityka prywatno\u015bci informacje dla odwiedzaj\u0105cych Szanujemy prywatno\u015b\u0107 U\u017cytkownik\u00f3w serwisu internetowego pod adresem: lifestylerek.com (dalej: \u201eSerwis\u201d) i dok\u0142adamy wszelkich stara\u0144, aby ich dane osobowe by\u0142y przetwarzane w spos\u00f3b bezpieczny i zgodny z prawem. Dane administratora danych osobowych Administratorem danych osobowych U\u017cytkownik\u00f3w Serwisu jest: lifestylerek.com (dalej: \u201emy\u201d lub \u201eAdministrator\u201d).\u00a0\u00a0W celu kontaktu z Administratorem we wszystkich sprawach zwi\u0105zanych [&hellip;]<\/p>\n","protected":false},"author":2,"featured_media":0,"parent":0,"menu_order":0,"comment_status":"closed","ping_status":"closed","template":"","meta":{"inline_featured_image":false,"footnotes":""},"class_list":["post-1135","page","type-page","status-publish","hentry"],"_links":{"self":[{"href":"https:\/\/lifestylerek.com\/lt\/wp-json\/wp\/v2\/pages\/1135","targetHints":{"allow":["GET"]}}],"collection":[{"href":"https:\/\/lifestylerek.com\/lt\/wp-json\/wp\/v2\/pages"}],"about":[{"href":"https:\/\/lifestylerek.com\/lt\/wp-json\/wp\/v2\/types\/page"}],"author":[{"embeddable":true,"href":"https:\/\/lifestylerek.com\/lt\/wp-json\/wp\/v2\/users\/2"}],"replies":[{"embeddable":true,"href":"https:\/\/lifestylerek.com\/lt\/wp-json\/wp\/v2\/comments?post=1135"}],"version-history":[{"count":0,"href":"https:\/\/lifestylerek.com\/lt\/wp-json\/wp\/v2\/pages\/1135\/revisions"}],"wp:attachment":[{"href":"https:\/\/lifestylerek.com\/lt\/wp-json\/wp\/v2\/media?parent=1135"}],"curies":[{"name":"wp","href":"https:\/\/api.w.org\/{rel}","templated":true}]}}