{"id":1135,"date":"2022-08-15T12:05:23","date_gmt":"2022-08-15T12:05:23","guid":{"rendered":"https:\/\/lifestylerek.com\/?page_id=1135"},"modified":"2025-06-27T09:33:05","modified_gmt":"2025-06-27T09:33:05","slug":"polityka-prywatnosci","status":"publish","type":"page","link":"https:\/\/lifestylerek.com\/sv\/sekretesspolicy\/","title":{"rendered":"Integritetspolicy"},"content":{"rendered":"<div data-elementor-type=\"wp-page\" data-elementor-id=\"1135\" class=\"elementor elementor-1135\" data-elementor-post-type=\"page\">\n\t\t\t\t\t\t<section class=\"elementor-section elementor-top-section elementor-element elementor-element-7afa5e03 elementor-section-height-min-height elementor-section-boxed elementor-section-height-default elementor-section-items-middle\" data-id=\"7afa5e03\" data-element_type=\"section\" data-e-type=\"section\" data-settings=\"{&quot;jet_parallax_layout_list&quot;:[]}\">\n\t\t\t\t\t\t<div class=\"elementor-container elementor-column-gap-default\">\n\t\t\t\t\t<div class=\"elementor-column elementor-col-100 elementor-top-column elementor-element elementor-element-5e96e6e0\" data-id=\"5e96e6e0\" data-element_type=\"column\" data-e-type=\"column\">\n\t\t\t<div class=\"elementor-widget-wrap elementor-element-populated\">\n\t\t\t\t\t\t<div class=\"elementor-element elementor-element-eb6ec16 elementor-widget elementor-widget-heading\" data-id=\"eb6ec16\" data-element_type=\"widget\" data-e-type=\"widget\" data-widget_type=\"heading.default\">\n\t\t\t\t<div class=\"elementor-widget-container\">\n\t\t\t\t\t<h1 class=\"elementor-heading-title elementor-size-default\">Integritetspolicy<\/h1>\t\t\t\t<\/div>\n\t\t\t\t<\/div>\n\t\t\t\t<div class=\"elementor-element elementor-element-27d764b6 elementor-widget elementor-widget-heading\" data-id=\"27d764b6\" data-element_type=\"widget\" data-e-type=\"widget\" data-widget_type=\"heading.default\">\n\t\t\t\t<div class=\"elementor-widget-container\">\n\t\t\t\t\t<h2 class=\"elementor-heading-title elementor-size-default\">information f\u00f6r bes\u00f6kare<\/h2>\t\t\t\t<\/div>\n\t\t\t\t<\/div>\n\t\t\t\t\t<\/div>\n\t\t<\/div>\n\t\t\t\t\t<\/div>\n\t\t<\/section>\n\t\t\t\t<section class=\"elementor-section elementor-top-section elementor-element elementor-element-349a81a9 elementor-reverse-tablet elementor-reverse-mobile elementor-section-boxed elementor-section-height-default elementor-section-height-default\" data-id=\"349a81a9\" data-element_type=\"section\" data-e-type=\"section\" data-settings=\"{&quot;jet_parallax_layout_list&quot;:[]}\">\n\t\t\t\t\t\t<div class=\"elementor-container elementor-column-gap-default\">\n\t\t\t\t\t<div class=\"elementor-column elementor-col-100 elementor-top-column elementor-element elementor-element-4005016e\" data-id=\"4005016e\" data-element_type=\"column\" data-e-type=\"column\">\n\t\t\t<div class=\"elementor-widget-wrap elementor-element-populated\">\n\t\t\t\t\t\t<div class=\"elementor-element elementor-element-6519ad81 elementor-widget elementor-widget-text-editor\" data-id=\"6519ad81\" data-element_type=\"widget\" data-e-type=\"widget\" data-widget_type=\"text-editor.default\">\n\t\t\t\t<div class=\"elementor-widget-container\">\n\t\t\t\t\t\t\t\t\t<p>Szanujemy prywatno\u015b\u0107 U\u017cytkownik\u00f3w serwisu internetowego pod adresem: lifestylerek.com (dalej: \u201eSerwis\u201d) i dok\u0142adamy wszelkich stara\u0144, aby ich dane osobowe by\u0142y przetwarzane w spos\u00f3b bezpieczny i zgodny z prawem. Dane administratora danych osobowych Administratorem danych osobowych U\u017cytkownik\u00f3w Serwisu jest: lifestylerek.com (dalej: \u201emy\u201d lub \u201eAdministrator\u201d).\u00a0\u00a0W celu kontaktu z Administratorem we wszystkich sprawach zwi\u0105zanych z niniejsz\u0105 Polityk\u0105 prywatno\u015bci oraz przetwarzaniem danych osobowych U\u017cytkownik\u00f3w Serwisu prosimy o wys\u0142anie wiadomo\u015bci na adres e-mail: kontakt@lifestylerek.com.\u00a0<\/p><h2 class=\"wp-block-heading\">Allm\u00e4n information<\/h2><p>Allt inneh\u00e5ll p\u00e5 webbplatsen \u00e4r skyddat enligt lag, inklusive upphovsr\u00e4tt eller varum\u00e4rkesskydd, och f\u00e5r inte anv\u00e4ndas p\u00e5 n\u00e5got s\u00e4tt utan administrat\u00f6rens skriftliga f\u00f6rhandsgodk\u00e4nnande, med undantag f\u00f6r till\u00e5ten personlig anv\u00e4ndning av verk i enlighet med lagen om upphovsr\u00e4tt och n\u00e4rst\u00e5ende r\u00e4ttigheter av den 4 februari 1994. Alla \u00e5tg\u00e4rder som g\u00e5r ut\u00f6ver den ovan n\u00e4mnda till\u00e5tna anv\u00e4ndningen \u00e4r f\u00f6rbjudna och kan leda till civilr\u00e4ttsligt och straffr\u00e4ttsligt ansvar. Administrat\u00f6ren ska g\u00f6ra allt f\u00f6r att skydda anv\u00e4ndarnas integritet, inklusive vidta alla f\u00f6rsiktighets\u00e5tg\u00e4rder som kr\u00e4vs enligt lag f\u00f6r att s\u00e4kerst\u00e4lla att alla uppgifter, inklusive personuppgifter som tillhandah\u00e5lls av anv\u00e4ndarna, skyddas mot f\u00f6rlust, f\u00f6rst\u00f6relse, avsl\u00f6jande, \u00e5tkomst av obeh\u00f6riga personer och missbruk. Anv\u00e4ndare kan ocks\u00e5 genom l\u00e4mpliga \u00e5tg\u00e4rder bidra till att \u00f6ka s\u00e4kerheten f\u00f6r sina uppgifter, inklusive personuppgifter p\u00e5 Internet (t.ex. genom att ofta byta l\u00f6senord, anv\u00e4nda bokstavs- och sifferkombinationer).  Administrat\u00f6ren ska inte h\u00e5llas ansvarig f\u00f6r sekretessreglerna p\u00e5 webbplatser som anv\u00e4ndaren bes\u00f6ker via l\u00e4nkar p\u00e5 webbplatsen. Administrat\u00f6ren f\u00f6rbeh\u00e5ller sig r\u00e4tten att \u00e4ndra denna sekretesspolicy f\u00f6r att s\u00e4kerst\u00e4lla att den f\u00f6rblir aktuell. Anv\u00e4ndare kommer att meddelas via e-post om eventuella \u00e4ndringar i denna sekretesspolicy. Om du inte samtycker till v\u00e5r integritetspolicy ska du inte anv\u00e4nda tj\u00e4nsten.<\/p><h2>K\u00e4lla till personuppgifter<\/h2><p>Vi f\u00e5r de personuppgifter vi behandlar fr\u00e5n anv\u00e4ndare under deras anv\u00e4ndning av webbplatsen, vilket inneb\u00e4r att f\u00f6rfr\u00e5gningar skickas till servern, som sedan samlas in i serverloggar. Loggarna inneh\u00e5ller uppgifter som datum, IP-adress, information om informationssystemet och webbl\u00e4saren. Dessa uppgifter anv\u00e4nds inte f\u00f6r att identifiera en viss anv\u00e4ndare, utan endast f\u00f6r administrativa, diagnostiska och statistiska \u00e4ndam\u00e5l. Vi samlar inte in uppgifter som m\u00f6jligg\u00f6r direkt identifiering av den person som bes\u00f6ker tj\u00e4nsten, men de uppgifter vi behandlar \u00e4r kopplade till unika identifieringsnummer som, mot bakgrund av Europaparlamentets och r\u00e5dets f\u00f6rordning (EU) 2016\/679 av den 27 april 2016 om skydd f\u00f6r enskilda personer med avseende p\u00e5 behandling av personuppgifter och om det fria fl\u00f6det av s\u00e5dana uppgifter och om upph\u00e4vande av direktiv 95\/46\/EG (allm\u00e4n dataskyddsf\u00f6rordning) (nedan: \"RODO\"), utg\u00f6r identifierare som g\u00f6r det m\u00f6jligt att skilja en specifik anv\u00e4ndare fr\u00e5n en grupp av anv\u00e4ndare av tj\u00e4nsten och som s\u00e5dan kan betraktas som personuppgifter. Om best\u00e4mmelserna i RODO \u00e4r till\u00e4mpliga p\u00e5 de uppgifter vi behandlar, s\u00e4kerst\u00e4ller vi att vi vidtar alla n\u00f6dv\u00e4ndiga \u00e5tg\u00e4rder f\u00f6r att behandla uppgifterna i enlighet med de principer som f\u00f6ljer av ovann\u00e4mnda f\u00f6rordning och relevanta nationella lagar. Allm\u00e4n information om de personuppgifter som behandlas<\/p><table><tbody><tr><td><b>\u00c4NDAM\u00c5L MED BEHANDLINGEN<\/b><\/td><td><b>R\u00c4TTSLIG GRUND<\/b><\/td><td><b>PERIOD F\u00d6R LAGRING AV UPPGIFTER<\/b><\/td><\/tr><tr><td>Genomf\u00f6rande av avtal, hantering av klagom\u00e5l och korrespondens.<\/td><td>Behandlingen \u00e4r n\u00f6dv\u00e4ndig f\u00f6r att fullg\u00f6ra avtalet eller utf\u00f6rs p\u00e5 din beg\u00e4ran (artikel 6.1 b i RODO).<\/td><td>Fram till preskriptionstidens utg\u00e5ng f\u00f6r \u00f6msesidiga fordringar.<\/td><\/tr><tr><td>Unders\u00f6kning och f\u00f6rsvar mot anspr\u00e5k, identifiering av den \u00e5terv\u00e4ndande anv\u00e4ndaren, diagnostik, funktionella cookies.<\/td><td>Behandlingen sker p\u00e5 grundval av den personuppgiftsansvariges ber\u00e4ttigade intresse (artikel 6.1 f i RODO).<\/td><td>P\u00e5g\u00e5ende inv\u00e4ndningar.<\/td><\/tr><tr><td>Anv\u00e4ndning av andra cookies \u00e4n funktionella cookies.<\/td><td>Behandlingen grundar sig p\u00e5 anv\u00e4ndarens samtycke (artikel 6.1 a i RODO).<\/td><td>Till dess att samtycket \u00e5terkallas.<\/td><\/tr><tr><td>Att uppfylla de r\u00e4ttsliga skyldigheter som \u00e5ligger administrat\u00f6ren.<\/td><td>Behandlingen \u00e4r n\u00f6dv\u00e4ndig f\u00f6r att fullg\u00f6ra en r\u00e4ttslig f\u00f6rpliktelse som \u00e5vilar den personuppgiftsansvarige (artikel 6.1 c i RODO).<\/td><td>S\u00e5 l\u00e4nge som redovisnings- och bokf\u00f6ringsreglerna kr\u00e4ver det.<\/td><\/tr><\/tbody><\/table><h2>Mottagare av personuppgifter<\/h2><p>Dina personuppgifter vidarebefordras till andra mottagare i den m\u00e5n detta \u00e4r n\u00f6dv\u00e4ndigt f\u00f6r att uppfylla de syften som beskrivs ovan, och endast till samarbetande enheter som uppfyller de lagstadgade kraven p\u00e5 s\u00e4kerhet f\u00f6r personuppgifter. Mottagare av personuppgifter kan i synnerhet vara bokf\u00f6ringsbyr\u00e5er, hostingleverant\u00f6rer, kurirer eller banker.<\/p><h2>Kakor<\/h2><p>Webbplatsen anv\u00e4nder egna cookies och cookies fr\u00e5n tredje part som lagras i slutenhetens minne, samt analysverktyg som g\u00f6r det m\u00f6jligt att l\u00e4sa av anonyma data. Anv\u00e4ndningen av dessa m\u00f6jligg\u00f6r en korrekt funktion av v\u00e5r webbplats samt optimering av tj\u00e4nster genom insamling av uppgifter om: det operativsystem som anv\u00e4nds, webbl\u00e4saren, anv\u00e4ndarens aktivitet p\u00e5 webbplatsen och dess enskilda undersidor eller aktivitet relaterad till l\u00e4nkar, samt anv\u00e4ndarens k\u00f6n och \u00e5ldersintervall och den stad fr\u00e5n vilken inloggningen \u00e4gde rum.  De cookies som v\u00e5r webbplats anv\u00e4nder \u00e4r b\u00e5de propriet\u00e4ra cookies som skapats av v\u00e5r webbplats och cookies fr\u00e5n tredje part som samlar in information f\u00f6r att skr\u00e4ddarsy reklam efter anv\u00e4ndarens preferenser och f\u00f6r att utv\u00e4rdera effektiviteten i reklamaktiviteter. Cookies delas ocks\u00e5 in i prestanda- och funktionella cookies och best\u00e4ndiga och sessionscookies. Webbplatsen anv\u00e4nder sessionscookies, som raderas n\u00e4r du slutar anv\u00e4nda Webbplatsen och st\u00e4nger ditt webbl\u00e4sarf\u00f6nster, samt permanenta cookies, som lagras p\u00e5 de enheter genom vilka du anv\u00e4nder Webbplatsen under en viss tidsperiod eller tills de raderas. De cookies som v\u00e5r webbplats anv\u00e4nder oavsett anv\u00e4ndarens samtycke \u00e4r de cookies som \u00e4r n\u00f6dv\u00e4ndiga, kr\u00e4vs f\u00f6r korrekt anv\u00e4ndning av webbplatsen, t.ex. i syfte att autentisera anv\u00e4ndaren. I \u00f6vrigt ges samtycke till anv\u00e4ndning av cookies genom att v\u00e4lja l\u00e4mpliga webbl\u00e4sarinst\u00e4llningar p\u00e5 slutenheten.  De enheter som kan installera och anv\u00e4nda cookies p\u00e5 webbplatsen baserat p\u00e5 anv\u00e4ndarens samtycke \u00e4r tj\u00e4nsteleverant\u00f6ren och:<\/p><ol><li aria-level=\"1\"><b>Google LLC, med huvudkontor i Mountain View, Kalifornien, USA<\/b>. Om du vill veta mer om denna administrat\u00f6rs sekretesspolicy, klicka h\u00e4r:\u00a0<a href=\"https:\/\/policies.google.com\/privacy\" target=\"_blank\" rel=\"noopener\">https:\/\/policies.google.com\/privacy<\/a>;<\/li><li aria-level=\"1\"><b>Facebook Inc. grundas i Menlo Park, Kalifornien, USA<\/b>. Om du vill veta mer om denna administrat\u00f6rs sekretesspolicy, klicka h\u00e4r:\u00a0<a href=\"https:\/\/www.facebook.com\/policy.php\" target=\"_blank\" rel=\"noopener\">https:\/\/www.facebook.com\/policy.php<\/a>;<\/li><li aria-level=\"1\"><b>Hotjar Limited, ett privat aktiebolag registrerat enligt maltesisk lag<\/b>. Om du vill veta mer om denna administrat\u00f6rs sekretesspolicy, klicka h\u00e4r:\u00a0<a href=\"https:\/\/www.hotjar.com\/legal\/policies\/privacy\/\" target=\"_blank\" rel=\"noopener\">https:\/\/www.hotjar.com\/legal\/policies\/privacy\/<\/a>.<\/li><\/ol><p>Uppgifter som h\u00e4rr\u00f6r fr\u00e5n cookies kommer att lagras beroende p\u00e5 typen av cookies: (i) under den tid som Webbplatsen anv\u00e4nds (sessionsfiler), (ii) tills Anv\u00e4ndaren ut\u00f6var sina r\u00e4ttigheter som leder till att behandlingen av hans\/hennes personuppgifter upph\u00f6r, eller (iii) tills Anv\u00e4ndaren \u00e5terkallar sitt samtycke till behandlingen av dem. Anv\u00e4ndaren kan sj\u00e4lvst\u00e4ndigt och n\u00e4r som helst \u00e4ndra inst\u00e4llningarna f\u00f6r cookies och ange villkoren f\u00f6r lagring av och \u00e5tkomst till cookies p\u00e5 Anv\u00e4ndarens enhet. Anv\u00e4ndaren kan \u00e4ndra de inst\u00e4llningar som avses i f\u00f6reg\u00e5ende mening med hj\u00e4lp av webbl\u00e4sarens inst\u00e4llningar eller med hj\u00e4lp av tj\u00e4nstens konfiguration. Dessa inst\u00e4llningar kan \u00e4ndras i synnerhet p\u00e5 ett s\u00e5dant s\u00e4tt att den automatiska hanteringen av cookies blockeras i webbl\u00e4sarens inst\u00e4llningar eller informeras om deras placering p\u00e5 anv\u00e4ndarens enhet varje g\u00e5ng. Detaljerad information om m\u00f6jligheten och metoderna f\u00f6r hantering av cookies finns i inst\u00e4llningarna f\u00f6r din programvara (webbl\u00e4sare). Anv\u00e4ndaren kan n\u00e4r som helst \u00e4ndra sitt samtycke till behandling av cookies genom att klicka h\u00e4r.<\/p><h2>Anv\u00e4nda analysverktyg och reklam<\/h2><p><b>Google Analytics<\/b>\u00a0Webbplatsen anv\u00e4nder Google Analytics, ett verktyg som tillhandah\u00e5lls av Google LLC (nedan kallat Google). Google Analytics anv\u00e4nder sina egna cookies f\u00f6r att sp\u00e5ra anv\u00e4ndarnas interaktion med andra webbplatser eller applikationer. De uppgifter som samlas in av Google Analytics samlas i princip in anonymt och g\u00f6r det inte m\u00f6jligt att identifiera anv\u00e4ndarna. De uppgifter som samlas in av Google Analytics kan t.ex. omfatta: ungef\u00e4rlig geografisk position, demografiska uppgifter, information om den anv\u00e4nda enheten, system, webbl\u00e4sare, sk\u00e4rmuppl\u00f6sning, spr\u00e5k, internetleverant\u00f6r, typ av internetanslutning samt anv\u00e4ndarens beteende p\u00e5 webbplatsen. Detaljerad information om de uppgifter som samlas in av Google Analytics beskrivs i Google Analytics sekretesspolicy som finns tillg\u00e4nglig p\u00e5:\u00a0<a href=\"https:\/\/support.google.com\/analytics\/topic\/2919631?hl=pl&amp;ref_topic=1008008\" target=\"_blank\" rel=\"noopener\">https:\/\/support.google.com\/analytics\/topic\/2919631?hl=pl&amp;ref_topic=1008008<\/a>.\u00a0<b>Google-annonser<\/b>\u00a0Webbplatsen anv\u00e4nder verktyget Google Ads, som \u00e4r ett annonssystem som g\u00f6r det m\u00f6jligt att n\u00e5 dig med reklambudskap via kanaler som \u00e4gs av Google. Google Ads samlar t.ex. in f\u00f6ljande typer av uppgifter: s\u00f6kfr\u00e5gor som angetts i s\u00f6kmotorn p\u00e5 Internet, sp\u00e5rningsuppgifter om anv\u00e4ndarens aktivitet p\u00e5 andra webbplatser. I allm\u00e4nhet kan de uppgifter som samlas in av Google Ads inte identifiera dig unikt.  Detaljerad information om Google Ads finns i Googles sekretesspolicy, som finns tillg\u00e4nglig under l\u00e4nken:\u00a0<a href=\"https:\/\/policies.google.com\/privacy\" target=\"_blank\" rel=\"noopener\">https:\/\/policies.google.com\/privacy<\/a>. Anv\u00e4ndaren kan sj\u00e4lv v\u00e4lja bort sp\u00e5rning av Google Ads genom respektive inst\u00e4llningar i sin webbl\u00e4sare. F\u00f6r information om hur du v\u00e4ljer bort sp\u00e5rning av Google Ads, se l\u00e4nken:\u00a0<a href=\"https:\/\/support.google.com\/google-ads\/answer\/32050\" target=\"_blank\" rel=\"noopener\">https:\/\/support.google.com\/google-ads\/answer\/32050<\/a>.\u00a0<b>Remarketing<\/b>\u00a0Webbplatsen anv\u00e4nder den remarketingfunktion som erbjuds av Google Analytics i kombination med verktyget Google Ads som tillhandah\u00e5lls av Google. Remarketing \u00e4r ett s\u00e4tt att bedriva reklamverksamhet p\u00e5 Internet. Reklamaktiviteter riktas till personer som har bes\u00f6kt Webbplatsen. Genom anv\u00e4ndning av mekanismer baserade p\u00e5 cookies fastst\u00e4lls Anv\u00e4ndarens intresse f\u00f6r en viss produkt eller tj\u00e4nst, p\u00e5 grundval av vilket ett specifikt marknadsf\u00f6ringsmeddelande riktas till Anv\u00e4ndaren. Marknadsf\u00f6ringsmeddelanden visas f\u00f6r Anv\u00e4ndaren n\u00e4r Anv\u00e4ndaren anv\u00e4nder Googles s\u00f6kmotor, surfar p\u00e5 webbplatser eller som en del av sin n\u00e4rvaro p\u00e5 sociala n\u00e4tverk. Anv\u00e4ndare kan sj\u00e4lvst\u00e4ndigt inaktivera alternativet f\u00f6r remarketing p\u00e5 de enheter de anv\u00e4nder genom inaktiveringsalternativet som finns tillg\u00e4ngligt p\u00e5 l\u00e4nken:\u00a0<a href=\"https:\/\/www.google.com\/settings\/ads\/onweb\/\" target=\"_blank\" rel=\"noopener\">https:\/\/www.google.com\/settings\/ads\/onweb\/<\/a>.\u00a0<b>Googles integritetspolicy<\/b>\u00a0Detaljerad information om principerna f\u00f6r behandling och skydd av personuppgifter som behandlas av Google beskrivs i Googles sekretesspolicy, som finns tillg\u00e4nglig under l\u00e4nken:\u00a0<a href=\"https:\/\/policies.google.com\/privacy\" target=\"_blank\" rel=\"noopener\">https:\/\/policies.google.com\/privacy<\/a>.\u00a0<b>Facebook Pixel<\/b>\u00a0Webbplatsen anv\u00e4nder funktionen Facebook Pixel som tillhandah\u00e5lls av Facebook Inc. Facebook-pixeln \u00e4r en kort kod som placeras p\u00e5 webbplatsen f\u00f6r att m\u00e4ta effektiviteten hos visade annonser baserat p\u00e5 analys av anv\u00e4ndar\u00e5tg\u00e4rder. Facebook-pixeln anv\u00e4nds f\u00f6r att rikta annonser till r\u00e4tt m\u00e5lgrupp, automatiskt konfigurera marknadsf\u00f6ringsmeddelanden och m\u00e4ta resultatet av visade annonser. F\u00f6r mer detaljerad information om principerna f\u00f6r behandling och skydd av personuppgifter som behandlas av Facebook Inc. se Facebooks integritetspolicy som finns tillg\u00e4nglig p\u00e5 l\u00e4nken:\u00a0<a href=\"https:\/\/www.facebook.com\/policy.php\" target=\"_blank\" rel=\"noopener\">https:\/\/www.facebook.com\/policy.php<\/a>.<\/p><h2>Automatiserat beslutsfattande<\/h2><p>Vi fattar inte beslut gentemot Anv\u00e4ndare som grundar sig p\u00e5 automatiserad behandling av personuppgifter och som har r\u00e4ttsverkan gentemot dem eller p\u00e5verkar Anv\u00e4ndare p\u00e5 n\u00e5got liknande s\u00e4tt. De verktyg som Tj\u00e4nsten anv\u00e4nder kan dock leda till att reklam skr\u00e4ddarsys efter Anv\u00e4ndarens preferenser baserat p\u00e5 den information som samlas in. Denna information f\u00f6rblir dock anonym f\u00f6r oss.<\/p><h2>Anv\u00e4ndarr\u00e4ttigheter<\/h2><p>Anv\u00e4ndare vars personuppgifter vi behandlar har r\u00e4tt att f\u00e5 bekr\u00e4ftelse p\u00e5 om personuppgifter som r\u00f6r dem behandlas eller inte och, om s\u00e5 \u00e4r fallet, att f\u00e5 tillg\u00e5ng till de uppgifter som behandlas och f\u00f6ljande information:<\/p><ol><li aria-level=\"1\">Syftet med behandlingen;<\/li><li aria-level=\"1\">kategorier av personuppgifter som ber\u00f6rs;<\/li><li aria-level=\"1\">Information om de mottagare eller kategorier av mottagare till vilka personuppgifterna har l\u00e4mnats eller kommer att l\u00e4mnas ut, s\u00e4rskilt mottagare i tredje land eller internationella organisationer;<\/li><li aria-level=\"1\">s\u00e5 l\u00e5ngt det \u00e4r m\u00f6jligt, den avsedda lagringsperioden f\u00f6r personuppgifterna och, om detta inte \u00e4r m\u00f6jligt, kriterierna f\u00f6r att fastst\u00e4lla denna period;<\/li><li aria-level=\"1\">Information om r\u00e4tten att av den personuppgiftsansvarige beg\u00e4ra r\u00e4ttelse, radering eller begr\u00e4nsning av behandlingen av personuppgifter som r\u00f6r den registrerade, och att inv\u00e4nda mot s\u00e5dan behandling;<\/li><li aria-level=\"1\">information om r\u00e4tten att l\u00e4mna in klagom\u00e5l till en tillsynsmyndighet;<\/li><li aria-level=\"1\">Information om automatiserat beslutsfattande, inbegripet profilering enligt artikel 22.1 och 22.4 i RODO, och relevant information om formerna f\u00f6r s\u00e5dant beslutsfattande samt betydelsen och de f\u00f6rv\u00e4ntade konsekvenserna av s\u00e5dan behandling f\u00f6r den registrerade.<\/li><\/ol><p>Anv\u00e4ndaren har r\u00e4tt att beg\u00e4ra att administrat\u00f6ren utan dr\u00f6jsm\u00e5l r\u00e4ttar personuppgifter som r\u00f6r honom eller henne och som \u00e4r felaktiga. Med h\u00e4nsyn till syftet med behandlingen har den anv\u00e4ndare som uppgifterna avser r\u00e4tt att beg\u00e4ra att ofullst\u00e4ndiga personuppgifter kompletteras, inklusive genom att tillhandah\u00e5lla ett ytterligare uttalande. Anv\u00e4ndaren har r\u00e4tt att beg\u00e4ra att den personuppgiftsansvarige omedelbart raderar personuppgifter som r\u00f6r honom\/henne (\"r\u00e4tten att bli bortgl\u00f6md\"), och den personuppgiftsansvarige \u00e4r skyldig att radera personuppgifter utan on\u00f6digt dr\u00f6jsm\u00e5l om n\u00e5gon av f\u00f6ljande omst\u00e4ndigheter g\u00e4ller:<\/p><ol><li aria-level=\"1\">personuppgifterna inte l\u00e4ngre \u00e4r n\u00f6dv\u00e4ndiga f\u00f6r de \u00e4ndam\u00e5l f\u00f6r vilka de samlades in eller p\u00e5 annat s\u00e4tt behandlades;<\/li><li aria-level=\"1\">Den registrerade har \u00e5terkallat det samtycke som ligger till grund f\u00f6r behandlingen i enlighet med artikel 6.1 a och det finns ingen annan r\u00e4ttslig grund f\u00f6r behandlingen;<\/li><li aria-level=\"1\">den registrerade inv\u00e4nder enligt artikel 21.1 i RODO mot behandlingen och det inte finns n\u00e5gra tvingande ber\u00e4ttigade sk\u00e4l f\u00f6r behandlingen, eller den registrerade inv\u00e4nder enligt artikel 21.2 i RODO mot behandlingen;<\/li><li aria-level=\"1\">personuppgifterna har behandlats p\u00e5 ett olagligt s\u00e4tt;<\/li><li aria-level=\"1\">Personuppgifter m\u00e5ste raderas f\u00f6r att uppfylla en r\u00e4ttslig skyldighet enligt Europeiska unionens lagstiftning eller lagstiftningen i en medlemsstat som administrat\u00f6ren omfattas av;<\/li><li aria-level=\"1\">Personuppgifterna samlades in i samband med tillhandah\u00e5llandet av informationssamh\u00e4llets tj\u00e4nster, i enlighet med artikel 8.1 i RODO.<\/li><\/ol><p>Administrat\u00f6ren f\u00f6rbeh\u00e5ller sig r\u00e4tten att v\u00e4gra radera anv\u00e4ndarens uppgifter om det \u00e4r n\u00f6dv\u00e4ndigt att beh\u00e5lla dem f\u00f6r att uppfylla anspr\u00e5k eller om det kr\u00e4vs enligt till\u00e4mplig lag. Den anv\u00e4ndare som uppgifterna avser har r\u00e4tt att beg\u00e4ra att administrat\u00f6ren begr\u00e4nsar behandlingen i f\u00f6ljande fall:<\/p><ol><li aria-level=\"1\">Anv\u00e4ndaren ifr\u00e5gas\u00e4tter om personuppgifterna \u00e4r korrekta - under en tidsperiod som g\u00f6r det m\u00f6jligt f\u00f6r administrat\u00f6ren att kontrollera om uppgifterna \u00e4r korrekta;<\/li><li aria-level=\"1\">behandlingen \u00e4r olaglig och anv\u00e4ndaren mots\u00e4tter sig radering av personuppgifterna och i st\u00e4llet beg\u00e4r att anv\u00e4ndningen av dem begr\u00e4nsas;<\/li><li aria-level=\"1\">Den personuppgiftsansvarige beh\u00f6ver inte l\u00e4ngre personuppgifterna f\u00f6r \u00e4ndam\u00e5let med behandlingen, men de beh\u00f6vs av anv\u00e4ndaren f\u00f6r att fastst\u00e4lla, h\u00e4vda eller f\u00f6rsvara anspr\u00e5k;<\/li><li aria-level=\"1\">Anv\u00e4ndaren har gjort en inv\u00e4ndning enligt artikel 21.1 i RODO mot behandlingen - tills det har fastst\u00e4llts om den personuppgiftsansvariges legitima sk\u00e4l v\u00e4ger tyngre \u00e4n den registrerades inv\u00e4ndning.<\/li><\/ol><p>Den registrerade ska ha r\u00e4tt att i ett strukturerat, allm\u00e4nt anv\u00e4nt och maskinl\u00e4sbart format erh\u00e5lla de personuppgifter som r\u00f6r honom eller henne och som han eller hon har tillhandah\u00e5llit den personuppgiftsansvarige, och ska ha r\u00e4tt att skicka s\u00e5dana personuppgifter till en annan personuppgiftsansvarig utan hinder fr\u00e5n den personuppgiftsansvarige, om:<\/p><ol><li aria-level=\"1\">behandlingen utf\u00f6rs p\u00e5 grundval av samtycke enligt artikel 6.1 a i RODO eller p\u00e5 grundval av ett avtal enligt artikel 6.1 b i RODO, och<\/li><li aria-level=\"1\">Behandlingen utf\u00f6rs med hj\u00e4lp av automatiserade metoder.<\/li><\/ol><p>Anv\u00e4ndaren har r\u00e4tt att beg\u00e4ra att personuppgifterna skickas av administrat\u00f6ren direkt till en annan registeransvarig, i den m\u00e5n detta \u00e4r tekniskt m\u00f6jligt. Anv\u00e4ndaren har r\u00e4tt att n\u00e4r som helst inv\u00e4nda mot behandlingen av hans\/hennes personuppgifter f\u00f6r administrat\u00f6rens direktmarknadsf\u00f6ring, inklusive profilering, i den utstr\u00e4ckning behandlingen \u00e4r relaterad till s\u00e5dan direktmarknadsf\u00f6ring. Anv\u00e4ndaren har r\u00e4tt att l\u00e4mna in ett klagom\u00e5l till tillsynsmyndigheten - ordf\u00f6randen f\u00f6r kontoret f\u00f6r skydd av personuppgifter, 2 Stawki Street, 00-193 Warszawa. Om Anv\u00e4ndarens personuppgifter behandlas p\u00e5 grundval av samtycke, kan du n\u00e4r som helst \u00e5terkalla ditt samtycke. \u00c5terkallande av samtycke ska inte p\u00e5verka lagligheten av den behandling som utf\u00f6rts p\u00e5 grundval av samtycke innan det \u00e5terkallades.<\/p><h2>\u00c4ndringar av integritetspolicyn<\/h2><p>Vi f\u00f6rbeh\u00e5ller oss r\u00e4tten att g\u00f6ra \u00e4ndringar i denna integritetspolicy av viktiga sk\u00e4l, s\u00e4rskilt om principerna f\u00f6r v\u00e5r behandling av personuppgifter, lagen eller det s\u00e4tt p\u00e5 vilket den tolkas \u00e4ndras, eller om listan \u00f6ver tekniker som vi anv\u00e4nder eller det s\u00e4tt p\u00e5 vilket de fungerar \u00e4ndras. Vi kommer att informera dig om \u00e4ndringar i denna integritetspolicy genom att publicera ett meddelande p\u00e5 webbplatsen.<\/p>\t\t\t\t\t\t\t\t<\/div>\n\t\t\t\t<\/div>\n\t\t\t\t\t<\/div>\n\t\t<\/div>\n\t\t\t\t\t<\/div>\n\t\t<\/section>\n\t\t\t\t<\/div>","protected":false},"excerpt":{"rendered":"<p>Polityka prywatno\u015bci informacje dla odwiedzaj\u0105cych Szanujemy prywatno\u015b\u0107 U\u017cytkownik\u00f3w serwisu internetowego pod adresem: lifestylerek.com (dalej: \u201eSerwis\u201d) i dok\u0142adamy wszelkich stara\u0144, aby ich dane osobowe by\u0142y przetwarzane w spos\u00f3b bezpieczny i zgodny z prawem. Dane administratora danych osobowych Administratorem danych osobowych U\u017cytkownik\u00f3w Serwisu jest: lifestylerek.com (dalej: \u201emy\u201d lub \u201eAdministrator\u201d).\u00a0\u00a0W celu kontaktu z Administratorem we wszystkich sprawach zwi\u0105zanych [&hellip;]<\/p>\n","protected":false},"author":2,"featured_media":0,"parent":0,"menu_order":0,"comment_status":"closed","ping_status":"closed","template":"","meta":{"inline_featured_image":false,"footnotes":""},"class_list":["post-1135","page","type-page","status-publish","hentry"],"_links":{"self":[{"href":"https:\/\/lifestylerek.com\/sv\/wp-json\/wp\/v2\/pages\/1135","targetHints":{"allow":["GET"]}}],"collection":[{"href":"https:\/\/lifestylerek.com\/sv\/wp-json\/wp\/v2\/pages"}],"about":[{"href":"https:\/\/lifestylerek.com\/sv\/wp-json\/wp\/v2\/types\/page"}],"author":[{"embeddable":true,"href":"https:\/\/lifestylerek.com\/sv\/wp-json\/wp\/v2\/users\/2"}],"replies":[{"embeddable":true,"href":"https:\/\/lifestylerek.com\/sv\/wp-json\/wp\/v2\/comments?post=1135"}],"version-history":[{"count":0,"href":"https:\/\/lifestylerek.com\/sv\/wp-json\/wp\/v2\/pages\/1135\/revisions"}],"wp:attachment":[{"href":"https:\/\/lifestylerek.com\/sv\/wp-json\/wp\/v2\/media?parent=1135"}],"curies":[{"name":"wp","href":"https:\/\/api.w.org\/{rel}","templated":true}]}}